{"id":81,"date":"2023-09-04T08:26:28","date_gmt":"2023-09-04T06:26:28","guid":{"rendered":"https:\/\/daalgroup.hu\/koszonjuk-a-jelentkezest\/"},"modified":"2023-09-04T08:27:40","modified_gmt":"2023-09-04T06:27:40","slug":"koszonjuk-a-jelentkezest","status":"publish","type":"page","link":"https:\/\/daalgroup.hu\/ro\/koszonjuk-a-jelentkezest\/","title":{"rendered":"V\u0103 mul\u021bumim pentru cererea dumneavoastr\u0103"},"content":{"rendered":"<div data-elementor-type=\"wp-page\" data-elementor-id=\"81\" class=\"elementor elementor-81\" data-elementor-post-type=\"page\">\n\t\t\t\t\t\t<section class=\"elementor-section elementor-top-section elementor-element elementor-element-62c9b607 elementor-section-boxed elementor-section-height-default elementor-section-height-default\" data-id=\"62c9b607\" data-element_type=\"section\" data-e-type=\"section\" data-settings=\"{&quot;background_background&quot;:&quot;classic&quot;}\">\n\t\t\t\t\t\t<div class=\"elementor-container elementor-column-gap-default\">\n\t\t\t\t\t<div class=\"elementor-column elementor-col-100 elementor-top-column elementor-element elementor-element-db1d208\" data-id=\"db1d208\" data-element_type=\"column\" data-e-type=\"column\">\n\t\t\t<div class=\"elementor-widget-wrap elementor-element-populated\">\n\t\t\t\t\t\t<div class=\"elementor-element elementor-element-7a42673 elementor-widget elementor-widget-heading\" data-id=\"7a42673\" data-element_type=\"widget\" data-e-type=\"widget\" data-widget_type=\"heading.default\">\n\t\t\t\t<div class=\"elementor-widget-container\">\n\t\t\t\t\t<h2 class=\"elementor-heading-title elementor-size-default\">V\u0103 mul\u021bumim pentru cererea dumneavoastr\u0103!<\/h2>\t\t\t\t<\/div>\n\t\t\t\t<\/div>\n\t\t\t\t<div class=\"elementor-element elementor-element-739b2ef2 elementor-widget elementor-widget-text-editor\" data-id=\"739b2ef2\" data-element_type=\"widget\" data-e-type=\"widget\" data-widget_type=\"text-editor.default\">\n\t\t\t\t<div class=\"elementor-widget-container\">\n\t\t\t\t\t\t\t\t\t<p><b>V\u0103 vom r\u0103spunde \u00een cur\u00e2nd!<\/b><\/p>\t\t\t\t\t\t\t\t<\/div>\n\t\t\t\t<\/div>\n\t\t\t\t<div class=\"elementor-element elementor-element-47ee3f28 elementor-widget elementor-widget-html\" data-id=\"47ee3f28\" data-element_type=\"widget\" data-e-type=\"widget\" data-widget_type=\"html.default\">\n\t\t\t\t<div class=\"elementor-widget-container\">\n\t\t\t\t\t<!-- Google tag (gtag.js) --> <script async src=\"https:\/\/www.googletagmanager.com\/gtag\/js?id=AW-850995515\"><\/script> <script> window.dataLayer = window.dataLayer || []; function gtag(){dataLayer.push(arguments);} gtag('js', new Date()); gtag('config', 'AW-850995515'); <\/script>\t\t\t\t<\/div>\n\t\t\t\t<\/div>\n\t\t\t\t\t<\/div>\n\t\t<\/div>\n\t\t\t\t\t<\/div>\n\t\t<\/section>\n\t\t\t\t<\/div>","protected":false},"excerpt":{"rendered":"<p>V\u0103 mul\u021bumim pentru cererea dumneavoastr\u0103! V\u0103 vom r\u0103spunde \u00een cur\u00e2nd!<\/p>","protected":false},"author":1,"featured_media":0,"parent":0,"menu_order":0,"comment_status":"closed","ping_status":"closed","template":"elementor_header_footer","meta":{"footnotes":""},"class_list":["post-81","page","type-page","status-publish","hentry"],"yoast_head":"<!-- This site is optimized with the Yoast SEO Premium plugin v27.2 (Yoast SEO v27.2) - https:\/\/yoast.com\/product\/yoast-seo-premium-wordpress\/ -->\n<title>K\u00f6sz\u00f6nj\u00fck a jelentkez\u00e9st - DAAL-CON<\/title>\n<meta name=\"robots\" content=\"index, follow, max-snippet:-1, max-image-preview:large, max-video-preview:-1\" \/>\n<link rel=\"canonical\" href=\"https:\/\/daalgroup.hu\/ro\/koszonjuk-a-jelentkezest\/\" \/>\n<meta property=\"og:locale\" content=\"ro_RO\" \/>\n<meta property=\"og:type\" content=\"article\" \/>\n<meta property=\"og:title\" content=\"K\u00f6sz\u00f6nj\u00fck a jelentkez\u00e9st\" \/>\n<meta property=\"og:description\" content=\"K\u00f6sz\u00f6nj\u00fck a jelentkez\u00e9st! Hamarosan visszajelz\u00fcnk!\" \/>\n<meta property=\"og:url\" content=\"https:\/\/daalgroup.hu\/ro\/koszonjuk-a-jelentkezest\/\" \/>\n<meta property=\"og:site_name\" content=\"DAAL-CON\" \/>\n<meta property=\"article:modified_time\" content=\"2023-09-04T06:27:40+00:00\" \/>\n<meta name=\"twitter:card\" content=\"summary_large_image\" \/>\n<script type=\"application\/ld+json\" class=\"yoast-schema-graph\">{\"@context\":\"https:\/\/schema.org\",\"@graph\":[{\"@type\":\"WebPage\",\"@id\":\"https:\/\/daalgroup.hu\/koszonjuk-a-jelentkezest\/\",\"url\":\"https:\/\/daalgroup.hu\/koszonjuk-a-jelentkezest\/\",\"name\":\"K\u00f6sz\u00f6nj\u00fck a jelentkez\u00e9st - DAAL-CON\",\"isPartOf\":{\"@id\":\"https:\/\/daalgroup.hu\/#website\"},\"datePublished\":\"2023-09-04T06:26:28+00:00\",\"dateModified\":\"2023-09-04T06:27:40+00:00\",\"breadcrumb\":{\"@id\":\"https:\/\/daalgroup.hu\/koszonjuk-a-jelentkezest\/#breadcrumb\"},\"inLanguage\":\"ro-RO\",\"potentialAction\":[{\"@type\":\"ReadAction\",\"target\":[\"https:\/\/daalgroup.hu\/koszonjuk-a-jelentkezest\/\"]}]},{\"@type\":\"BreadcrumbList\",\"@id\":\"https:\/\/daalgroup.hu\/koszonjuk-a-jelentkezest\/#breadcrumb\",\"itemListElement\":[{\"@type\":\"ListItem\",\"position\":1,\"name\":\"Kezd\u0151lap\",\"item\":\"https:\/\/daalgroup.hu\/\"},{\"@type\":\"ListItem\",\"position\":2,\"name\":\"K\u00f6sz\u00f6nj\u00fck a jelentkez\u00e9st\"}]},{\"@type\":\"WebSite\",\"@id\":\"https:\/\/daalgroup.hu\/#website\",\"url\":\"https:\/\/daalgroup.hu\/\",\"name\":\"DAAL-CON\",\"description\":\"\",\"publisher\":{\"@id\":\"https:\/\/daalgroup.hu\/#organization\"},\"potentialAction\":[{\"@type\":\"SearchAction\",\"target\":{\"@type\":\"EntryPoint\",\"urlTemplate\":\"https:\/\/daalgroup.hu\/?s={search_term_string}\"},\"query-input\":{\"@type\":\"PropertyValueSpecification\",\"valueRequired\":true,\"valueName\":\"search_term_string\"}}],\"inLanguage\":\"ro-RO\"},{\"@type\":\"Organization\",\"@id\":\"https:\/\/daalgroup.hu\/#organization\",\"name\":\"DAAL-CON\",\"url\":\"https:\/\/daalgroup.hu\/\",\"logo\":{\"@type\":\"ImageObject\",\"inLanguage\":\"ro-RO\",\"@id\":\"https:\/\/daalgroup.hu\/#\/schema\/logo\/image\/\",\"url\":\"https:\/\/daalgroup.hu\/wp-content\/uploads\/2024\/05\/daal_member_of_logok_daal-con-1.webp\",\"contentUrl\":\"https:\/\/daalgroup.hu\/wp-content\/uploads\/2024\/05\/daal_member_of_logok_daal-con-1.webp\",\"width\":486,\"height\":130,\"caption\":\"DAAL-CON\"},\"image\":{\"@id\":\"https:\/\/daalgroup.hu\/#\/schema\/logo\/image\/\"}}]}<\/script>\n<!-- \/ Yoast SEO Premium plugin. -->","yoast_head_json":{"title":"K\u00f6sz\u00f6nj\u00fck a jelentkez\u00e9st - DAAL-CON","robots":{"index":"index","follow":"follow","max-snippet":"max-snippet:-1","max-image-preview":"max-image-preview:large","max-video-preview":"max-video-preview:-1"},"canonical":"https:\/\/daalgroup.hu\/ro\/koszonjuk-a-jelentkezest\/","og_locale":"ro_RO","og_type":"article","og_title":"K\u00f6sz\u00f6nj\u00fck a jelentkez\u00e9st","og_description":"K\u00f6sz\u00f6nj\u00fck a jelentkez\u00e9st! Hamarosan visszajelz\u00fcnk!","og_url":"https:\/\/daalgroup.hu\/ro\/koszonjuk-a-jelentkezest\/","og_site_name":"DAAL-CON","article_modified_time":"2023-09-04T06:27:40+00:00","twitter_card":"summary_large_image","schema":{"@context":"https:\/\/schema.org","@graph":[{"@type":"WebPage","@id":"https:\/\/daalgroup.hu\/koszonjuk-a-jelentkezest\/","url":"https:\/\/daalgroup.hu\/koszonjuk-a-jelentkezest\/","name":"K\u00f6sz\u00f6nj\u00fck a jelentkez\u00e9st - DAAL-CON","isPartOf":{"@id":"https:\/\/daalgroup.hu\/#website"},"datePublished":"2023-09-04T06:26:28+00:00","dateModified":"2023-09-04T06:27:40+00:00","breadcrumb":{"@id":"https:\/\/daalgroup.hu\/koszonjuk-a-jelentkezest\/#breadcrumb"},"inLanguage":"ro-RO","potentialAction":[{"@type":"ReadAction","target":["https:\/\/daalgroup.hu\/koszonjuk-a-jelentkezest\/"]}]},{"@type":"BreadcrumbList","@id":"https:\/\/daalgroup.hu\/koszonjuk-a-jelentkezest\/#breadcrumb","itemListElement":[{"@type":"ListItem","position":1,"name":"Kezd\u0151lap","item":"https:\/\/daalgroup.hu\/"},{"@type":"ListItem","position":2,"name":"K\u00f6sz\u00f6nj\u00fck a jelentkez\u00e9st"}]},{"@type":"WebSite","@id":"https:\/\/daalgroup.hu\/#website","url":"https:\/\/daalgroup.hu\/","name":"DAAL-CON","description":"","publisher":{"@id":"https:\/\/daalgroup.hu\/#organization"},"potentialAction":[{"@type":"SearchAction","target":{"@type":"EntryPoint","urlTemplate":"https:\/\/daalgroup.hu\/?s={search_term_string}"},"query-input":{"@type":"PropertyValueSpecification","valueRequired":true,"valueName":"search_term_string"}}],"inLanguage":"ro-RO"},{"@type":"Organization","@id":"https:\/\/daalgroup.hu\/#organization","name":"DAAL-CON","url":"https:\/\/daalgroup.hu\/","logo":{"@type":"ImageObject","inLanguage":"ro-RO","@id":"https:\/\/daalgroup.hu\/#\/schema\/logo\/image\/","url":"https:\/\/daalgroup.hu\/wp-content\/uploads\/2024\/05\/daal_member_of_logok_daal-con-1.webp","contentUrl":"https:\/\/daalgroup.hu\/wp-content\/uploads\/2024\/05\/daal_member_of_logok_daal-con-1.webp","width":486,"height":130,"caption":"DAAL-CON"},"image":{"@id":"https:\/\/daalgroup.hu\/#\/schema\/logo\/image\/"}}]}},"_links":{"self":[{"href":"https:\/\/daalgroup.hu\/ro\/wp-json\/wp\/v2\/pages\/81","targetHints":{"allow":["GET"]}}],"collection":[{"href":"https:\/\/daalgroup.hu\/ro\/wp-json\/wp\/v2\/pages"}],"about":[{"href":"https:\/\/daalgroup.hu\/ro\/wp-json\/wp\/v2\/types\/page"}],"author":[{"embeddable":true,"href":"https:\/\/daalgroup.hu\/ro\/wp-json\/wp\/v2\/users\/1"}],"replies":[{"embeddable":true,"href":"https:\/\/daalgroup.hu\/ro\/wp-json\/wp\/v2\/comments?post=81"}],"version-history":[{"count":0,"href":"https:\/\/daalgroup.hu\/ro\/wp-json\/wp\/v2\/pages\/81\/revisions"}],"wp:attachment":[{"href":"https:\/\/daalgroup.hu\/ro\/wp-json\/wp\/v2\/media?parent=81"}],"curies":[{"name":"wp","href":"https:\/\/api.w.org\/{rel}","templated":true}]}}