{"id":4687,"date":"2024-05-06T12:36:46","date_gmt":"2024-05-06T10:36:46","guid":{"rendered":"https:\/\/daalgroup.hu\/?page_id=4687"},"modified":"2025-06-12T17:42:56","modified_gmt":"2025-06-12T15:42:56","slug":"kapcsolat","status":"publish","type":"page","link":"https:\/\/daalgroup.hu\/ro\/kapcsolat\/","title":{"rendered":"Persoan\u0103 de contact"},"content":{"rendered":"\t\t<div data-elementor-type=\"wp-page\" data-elementor-id=\"4687\" class=\"elementor elementor-4687\" data-elementor-post-type=\"page\">\n\t\t\t\t<div class=\"elementor-element elementor-element-f9f7bd3 bg-hero e-flex e-con-boxed e-con e-parent\" data-id=\"f9f7bd3\" data-element_type=\"container\" data-e-type=\"container\" data-settings=\"{&quot;background_background&quot;:&quot;classic&quot;,&quot;shape_divider_bottom&quot;:&quot;curve&quot;,&quot;shape_divider_bottom_negative&quot;:&quot;yes&quot;}\">\n\t\t\t\t\t<div class=\"e-con-inner\">\n\t\t\t\t<div class=\"elementor-shape elementor-shape-bottom\" aria-hidden=\"true\" data-negative=\"true\">\n\t\t\t<svg xmlns=\"http:\/\/www.w3.org\/2000\/svg\" viewBox=\"0 0 1000 100\" preserveAspectRatio=\"none\">\n\t<path class=\"elementor-shape-fill\" d=\"M500,97C126.7,96.3,0.8,19.8,0,0v100l1000,0V1C1000,19.4,873.3,97.8,500,97z\"\/>\n<\/svg>\t\t<\/div>\n\t\t<div class=\"elementor-element elementor-element-fec9249 e-flex e-con-boxed e-con e-child\" data-id=\"fec9249\" data-element_type=\"container\" data-e-type=\"container\">\n\t\t\t\t\t<div class=\"e-con-inner\">\n\t\t<div class=\"elementor-element elementor-element-d1dfcfa e-flex e-con-boxed e-con e-child\" data-id=\"d1dfcfa\" data-element_type=\"container\" data-e-type=\"container\">\n\t\t\t\t\t<div class=\"e-con-inner\">\n\t\t\t\t<div class=\"elementor-element elementor-element-11020a7 elementor-widget elementor-widget-image\" data-id=\"11020a7\" data-element_type=\"widget\" data-e-type=\"widget\" data-widget_type=\"image.default\">\n\t\t\t\t<div class=\"elementor-widget-container\">\n\t\t\t\t\t\t\t\t\t\t\t\t\t\t\t<img fetchpriority=\"high\" decoding=\"async\" width=\"765\" height=\"717\" src=\"https:\/\/daalgroup.hu\/wp-content\/uploads\/2024\/06\/Sandor-Daniel-Managing-Director-1.webp\" class=\"attachment-full size-full wp-image-7121\" alt=\"\" srcset=\"https:\/\/daalgroup.hu\/wp-content\/uploads\/2024\/06\/Sandor-Daniel-Managing-Director-1.webp 765w, https:\/\/daalgroup.hu\/wp-content\/uploads\/2024\/06\/Sandor-Daniel-Managing-Director-1-300x281.webp 300w\" sizes=\"(max-width: 765px) 100vw, 765px\" \/>\t\t\t\t\t\t\t\t\t\t\t\t\t\t\t<\/div>\n\t\t\t\t<\/div>\n\t\t\t\t\t<\/div>\n\t\t\t\t<\/div>\n\t\t<div class=\"elementor-element elementor-element-7998697 e-con-full e-flex e-con e-child\" data-id=\"7998697\" data-element_type=\"container\" data-e-type=\"container\">\n\t\t\t\t<div class=\"elementor-element elementor-element-9240483 elementor-widget__width-initial elementor-widget elementor-widget-heading\" data-id=\"9240483\" data-element_type=\"widget\" data-e-type=\"widget\" data-widget_type=\"heading.default\">\n\t\t\t\t<div class=\"elementor-widget-container\">\n\t\t\t\t\t<h2 class=\"elementor-heading-title elementor-size-default\">Kapcsolat<\/h2>\t\t\t\t<\/div>\n\t\t\t\t<\/div>\n\t\t\t\t<div class=\"elementor-element elementor-element-f617292 elementor-widget__width-initial elementor-widget elementor-widget-text-editor\" data-id=\"f617292\" data-element_type=\"widget\" data-e-type=\"widget\" data-widget_type=\"text-editor.default\">\n\t\t\t\t<div class=\"elementor-widget-container\">\n\t\t\t\t\t\t\t\t\t<p style=\"font-weight: 400;\">Elm\u00falt, t\u00f6bb mint 17 \u00e9vben folyamatosan azon dolgozunk, hogy \u00fcgyfeleink ig\u00e9nyeit, min\u00e9l magasabb sz\u00ednvonalon kiszolg\u00e1ljuk \u00e9s a lehet\u0151 legsz\u00e9lesebb k\u00f6rben ny\u00fajtsunk szolg\u00e1ltat\u00e1sokat.<\/p><p>\u00a0<\/p><p style=\"font-weight: 400;\">Ez\u00e9rt c\u00e9g\u00fcnkn\u00e9l megtal\u00e1lhat\u00f3 a saj\u00e1t tervez\u0151iroda, saj\u00e1t kivitelez\u0151 csapat \u00e9s m\u00e1r a saj\u00e1t el\u0151gy\u00e1rt\u00f3 \u00fczem is, hogy min\u00e9l rugalmasabban \u00e9s a lehet\u0151 legsz\u0171kebb \u00fctemtervben tudjuk \u00fcgyfeleinket kiszolg\u00e1lni. Ha seg\u00edts\u00e9gre van sz\u00fcks\u00e9ge, k\u00e9rj\u00fck, keressen minket bizalommal.<\/p>\t\t\t\t\t\t\t\t<\/div>\n\t\t\t\t<\/div>\n\t\t\t\t<\/div>\n\t\t\t\t\t<\/div>\n\t\t\t\t<\/div>\n\t\t\t\t\t<\/div>\n\t\t\t\t<\/div>\n\t\t<div class=\"elementor-element elementor-element-f70ef4d e-flex e-con-boxed e-con e-parent\" data-id=\"f70ef4d\" data-element_type=\"container\" data-e-type=\"container\" id=\"ajanlat\">\n\t\t\t\t\t<div class=\"e-con-inner\">\n\t\t\t\t<div class=\"elementor-element elementor-element-459eb39 elementor-widget elementor-widget-heading\" data-id=\"459eb39\" data-element_type=\"widget\" data-e-type=\"widget\" data-widget_type=\"heading.default\">\n\t\t\t\t<div class=\"elementor-widget-container\">\n\t\t\t\t\t<h2 class=\"elementor-heading-title elementor-size-default\">Aj\u00e1nlatot k\u00e9rek<\/h2>\t\t\t\t<\/div>\n\t\t\t\t<\/div>\n\t\t\t\t<div class=\"elementor-element elementor-element-5de4590 elementor-button-align-center elementor-tablet-button-align-stretch elementor-widget elementor-widget-form\" data-id=\"5de4590\" data-element_type=\"widget\" data-e-type=\"widget\" data-settings=\"{&quot;step_next_label&quot;:&quot;Next&quot;,&quot;step_previous_label&quot;:&quot;Previous&quot;,&quot;button_width&quot;:&quot;100&quot;,&quot;step_type&quot;:&quot;number_text&quot;,&quot;step_icon_shape&quot;:&quot;circle&quot;}\" data-widget_type=\"form.default\">\n\t\t\t\t<div class=\"elementor-widget-container\">\n\t\t\t\t\t\t\t<form class=\"elementor-form\" method=\"post\" name=\"Kapcsolat form HU\" aria-label=\"Kapcsolat form HU\">\n\t\t\t<input type=\"hidden\" name=\"post_id\" value=\"4687\"\/>\n\t\t\t<input type=\"hidden\" name=\"form_id\" value=\"5de4590\"\/>\n\t\t\t<input type=\"hidden\" name=\"referer_title\" value=\"Kapcsolat - DAAL-CON\" \/>\n\n\t\t\t\t\t\t\t<input type=\"hidden\" name=\"queried_id\" value=\"4687\"\/>\n\t\t\t\n\t\t\t<div class=\"elementor-form-fields-wrapper elementor-labels-\">\n\t\t\t\t\t\t\t\t<div class=\"elementor-field-type-text elementor-field-group elementor-column elementor-field-group-field_c4fbd4d elementor-col-25 elementor-field-required\">\n\t\t\t\t\t\t\t\t\t\t\t\t<label for=\"form-field-field_c4fbd4d\" class=\"elementor-field-label elementor-screen-only\">\n\t\t\t\t\t\t\t\tVezet\u00e9kn\u00e9v\t\t\t\t\t\t\t<\/label>\n\t\t\t\t\t\t\t\t\t\t\t\t\t\t<input size=\"1\" type=\"text\" name=\"form_fields[field_c4fbd4d]\" id=\"form-field-field_c4fbd4d\" class=\"elementor-field elementor-size-md  elementor-field-textual\" placeholder=\"Vezet\u00e9kn\u00e9v\" required=\"required\">\n\t\t\t\t\t\t\t\t\t\t\t<\/div>\n\t\t\t\t\t\t\t\t<div class=\"elementor-field-type-text elementor-field-group elementor-column elementor-field-group-name elementor-col-25 elementor-field-required\">\n\t\t\t\t\t\t\t\t\t\t\t\t<label for=\"form-field-name\" class=\"elementor-field-label elementor-screen-only\">\n\t\t\t\t\t\t\t\tKeresztn\u00e9v\t\t\t\t\t\t\t<\/label>\n\t\t\t\t\t\t\t\t\t\t\t\t\t\t<input size=\"1\" type=\"text\" name=\"form_fields[name]\" id=\"form-field-name\" class=\"elementor-field elementor-size-md  elementor-field-textual\" placeholder=\"Keresztn\u00e9v\" required=\"required\">\n\t\t\t\t\t\t\t\t\t\t\t<\/div>\n\t\t\t\t\t\t\t\t<div class=\"elementor-field-type-email elementor-field-group elementor-column elementor-field-group-email elementor-col-25 elementor-field-required\">\n\t\t\t\t\t\t\t\t\t\t\t\t<label for=\"form-field-email\" class=\"elementor-field-label elementor-screen-only\">\n\t\t\t\t\t\t\t\tE-mail\t\t\t\t\t\t\t<\/label>\n\t\t\t\t\t\t\t\t\t\t\t\t\t\t<input size=\"1\" type=\"email\" name=\"form_fields[email]\" id=\"form-field-email\" class=\"elementor-field elementor-size-md  elementor-field-textual\" placeholder=\"E-mail\" required=\"required\">\n\t\t\t\t\t\t\t\t\t\t\t<\/div>\n\t\t\t\t\t\t\t\t<div class=\"elementor-field-type-tel elementor-field-group elementor-column elementor-field-group-field_9fef9ec elementor-col-25 elementor-field-required\">\n\t\t\t\t\t\t\t\t\t\t\t\t<label for=\"form-field-field_9fef9ec\" class=\"elementor-field-label elementor-screen-only\">\n\t\t\t\t\t\t\t\tTelefonsz\u00e1m\t\t\t\t\t\t\t<\/label>\n\t\t\t\t\t\t\t\t<input size=\"1\" type=\"tel\" name=\"form_fields[field_9fef9ec]\" id=\"form-field-field_9fef9ec\" class=\"elementor-field elementor-size-md  elementor-field-textual\" placeholder=\"Telefonsz\u00e1m\" required=\"required\" pattern=\"[0-9()#&amp;+*-=.]+\" title=\"Csak a sz\u00e1mok \u00e9s a telefonkarakterek (#, -, * stb.) fogadhat\u00f3k el.\">\n\n\t\t\t\t\t\t<\/div>\n\t\t\t\t\t\t\t\t<div class=\"elementor-field-type-text elementor-field-group elementor-column elementor-field-group-field_ede3cde elementor-col-100 elementor-field-required\">\n\t\t\t\t\t\t\t\t\t\t\t\t<label for=\"form-field-field_ede3cde\" class=\"elementor-field-label elementor-screen-only\">\n\t\t\t\t\t\t\t\tC\u00e9gn\u00e9v:\t\t\t\t\t\t\t<\/label>\n\t\t\t\t\t\t\t\t\t\t\t\t\t\t<input size=\"1\" type=\"text\" name=\"form_fields[field_ede3cde]\" id=\"form-field-field_ede3cde\" class=\"elementor-field elementor-size-md  elementor-field-textual\" placeholder=\"C\u00e9gn\u00e9v\" required=\"required\">\n\t\t\t\t\t\t\t\t\t\t\t<\/div>\n\t\t\t\t\t\t\t\t<div class=\"elementor-field-type-html elementor-field-group elementor-column elementor-field-group-field_0645960 elementor-col-100\">\n\t\t\t\t\t<p style=\"font-size:20px; line-height:30px;color:#4D4D4D; text-transform:none;font-weight:400;margin-bottom:-10px;\">Projekt helysz\u00edne:<p>\t\t\t\t<\/div>\n\t\t\t\t\t\t\t\t<div class=\"elementor-field-type-text elementor-field-group elementor-column elementor-field-group-field_999aaf2 elementor-col-100 elementor-field-required\">\n\t\t\t\t\t\t\t\t\t\t\t\t<label for=\"form-field-field_999aaf2\" class=\"elementor-field-label elementor-screen-only\">\n\t\t\t\t\t\t\t\tProjekt helysz\u00edne\t\t\t\t\t\t\t<\/label>\n\t\t\t\t\t\t\t\t\t\t\t\t\t\t<input size=\"1\" type=\"text\" name=\"form_fields[field_999aaf2]\" id=\"form-field-field_999aaf2\" class=\"elementor-field elementor-size-md  elementor-field-textual\" required=\"required\">\n\t\t\t\t\t\t\t\t\t\t\t<\/div>\n\t\t\t\t\t\t\t\t<div class=\"elementor-field-type-html elementor-field-group elementor-column elementor-field-group-field_999aaf2 elementor-col-50\">\n\t\t\t\t\t<p style=\"font-size:20px; line-height:30px;color:#4D4D4D; text-transform:none;font-weight:400;margin-bottom:-10px;\">\u00cdrjon p\u00e1r sz\u00f3t a projektr\u0151l<p>\t\t\t\t<\/div>\n\t\t\t\t\t\t\t\t<div class=\"elementor-field-type-textarea elementor-field-group elementor-column elementor-field-group-field_4d39d07 elementor-col-100 elementor-field-required\">\n\t\t\t\t\t\t\t\t\t\t\t\t<label for=\"form-field-field_4d39d07\" class=\"elementor-field-label elementor-screen-only\">\n\t\t\t\t\t\t\t\t\u00cdrjon p\u00e1r sz\u00f3t a projektr\u0151l\t\t\t\t\t\t\t<\/label>\n\t\t\t\t\t\t<textarea class=\"elementor-field-textual elementor-field  elementor-size-md\" name=\"form_fields[field_4d39d07]\" id=\"form-field-field_4d39d07\" rows=\"4\" required=\"required\"><\/textarea>\t\t\t\t<\/div>\n\t\t\t\t\t\t\t\t<div class=\"elementor-field-group elementor-column elementor-field-type-submit elementor-col-100 e-form__buttons\">\n\t\t\t\t\t<button class=\"elementor-button elementor-size-sm\" type=\"submit\">\n\t\t\t\t\t\t<span class=\"elementor-button-content-wrapper\">\n\t\t\t\t\t\t\t\t\t\t\t\t\t\t\t<span class=\"elementor-button-icon\">\n\t\t\t\t\t\t\t\t\t<svg xmlns=\"http:\/\/www.w3.org\/2000\/svg\" xmlns:xlink=\"http:\/\/www.w3.org\/1999\/xlink\" xmlns:serif=\"http:\/\/www.serif.com\/\" width=\"100%\" height=\"100%\" viewBox=\"0 0 28 32\" xml:space=\"preserve\" style=\"fill-rule:evenodd;clip-rule:evenodd;stroke-linecap:round;stroke-linejoin:round;\">    <g transform=\"matrix(1,0,0,1,2.801,2.792)\">        <g id=\"Group_16\">            <g id=\"Path_36\" transform=\"matrix(1,0,0,1,-1319,-3833)\">                <path d=\"M1319,3833L1328.58,3846.29L1319,3859.02\" style=\"fill:none;fill-rule:nonzero;stroke:white;stroke-width:4px;\"><\/path>            <\/g>            <g id=\"Path_37\" transform=\"matrix(1,0,0,1,-1306.37,-3833)\">                <path d=\"M1319,3833L1328.58,3846.29L1319,3859.02\" style=\"fill:none;fill-rule:nonzero;stroke:white;stroke-width:4px;\"><\/path>            <\/g>        <\/g>    <\/g><\/svg>\t\t\t\t\t\t\t\t\t\t\t\t\t\t\t\t\t<\/span>\n\t\t\t\t\t\t\t\t\t\t\t\t\t\t\t\t\t\t\t\t\t\t<span class=\"elementor-button-text\">Aj\u00e1nlatk\u00e9r\u00e9s<\/span>\n\t\t\t\t\t\t\t\t\t\t\t\t\t<\/span>\n\t\t\t\t\t<\/button>\n\t\t\t\t<\/div>\n\t\t\t<\/div>\n\t\t<\/form>\n\t\t\t\t\t\t<\/div>\n\t\t\t\t<\/div>\n\t\t\t\t\t<\/div>\n\t\t\t\t<\/div>\n\t\t\t\t<\/div>\n\t\t","protected":false},"excerpt":{"rendered":"<p>Kapcsolat Elm\u00falt, t\u00f6bb mint 17 \u00e9vben folyamatosan azon dolgozunk, hogy \u00fcgyfeleink ig\u00e9nyeit, min\u00e9l magasabb sz\u00ednvonalon kiszolg\u00e1ljuk \u00e9s a lehet\u0151 legsz\u00e9lesebb k\u00f6rben ny\u00fajtsunk szolg\u00e1ltat\u00e1sokat. \u00a0 Ez\u00e9rt c\u00e9g\u00fcnkn\u00e9l megtal\u00e1lhat\u00f3 a saj\u00e1t tervez\u0151iroda, saj\u00e1t kivitelez\u0151 csapat \u00e9s m\u00e1r a saj\u00e1t el\u0151gy\u00e1rt\u00f3 \u00fczem is, hogy min\u00e9l rugalmasabban \u00e9s a lehet\u0151 legsz\u0171kebb \u00fctemtervben tudjuk \u00fcgyfeleinket kiszolg\u00e1lni. Ha seg\u00edts\u00e9gre van sz\u00fcks\u00e9ge, [&hellip;]<\/p>\n","protected":false},"author":1,"featured_media":0,"parent":0,"menu_order":0,"comment_status":"closed","ping_status":"closed","template":"elementor_header_footer","meta":{"footnotes":""},"class_list":["post-4687","page","type-page","status-publish","hentry"],"yoast_head":"<!-- This site is optimized with the Yoast SEO Premium plugin v27.2 (Yoast SEO v27.2) - https:\/\/yoast.com\/product\/yoast-seo-premium-wordpress\/ -->\n<title>Kapcsolat - DAAL-CON<\/title>\n<meta name=\"robots\" content=\"index, follow, max-snippet:-1, max-image-preview:large, max-video-preview:-1\" \/>\n<link rel=\"canonical\" href=\"https:\/\/daalgroup.hu\/ro\/kapcsolat\/\" \/>\n<meta property=\"og:locale\" content=\"ro_RO\" \/>\n<meta property=\"og:type\" content=\"article\" \/>\n<meta property=\"og:title\" content=\"Kapcsolat\" \/>\n<meta property=\"og:description\" content=\"Kapcsolat Elm\u00falt, t\u00f6bb mint 17 \u00e9vben folyamatosan azon dolgozunk, hogy \u00fcgyfeleink ig\u00e9nyeit, min\u00e9l magasabb sz\u00ednvonalon kiszolg\u00e1ljuk \u00e9s a lehet\u0151 legsz\u00e9lesebb k\u00f6rben ny\u00fajtsunk szolg\u00e1ltat\u00e1sokat. \u00a0 Ez\u00e9rt c\u00e9g\u00fcnkn\u00e9l megtal\u00e1lhat\u00f3 a saj\u00e1t tervez\u0151iroda, saj\u00e1t kivitelez\u0151 csapat \u00e9s m\u00e1r a saj\u00e1t el\u0151gy\u00e1rt\u00f3 \u00fczem is, hogy min\u00e9l rugalmasabban \u00e9s a lehet\u0151 legsz\u0171kebb \u00fctemtervben tudjuk \u00fcgyfeleinket kiszolg\u00e1lni. Ha seg\u00edts\u00e9gre van sz\u00fcks\u00e9ge, [&hellip;]\" \/>\n<meta property=\"og:url\" content=\"https:\/\/daalgroup.hu\/ro\/kapcsolat\/\" \/>\n<meta property=\"og:site_name\" content=\"DAAL-CON\" \/>\n<meta property=\"article:modified_time\" content=\"2025-06-12T15:42:56+00:00\" \/>\n<meta property=\"og:image\" content=\"https:\/\/daalgroup.hu\/wp-content\/uploads\/2024\/06\/Sandor-Daniel-Managing-Director-1.webp\" \/>\n\t<meta property=\"og:image:width\" content=\"765\" \/>\n\t<meta property=\"og:image:height\" content=\"717\" \/>\n\t<meta property=\"og:image:type\" content=\"image\/webp\" \/>\n<meta name=\"twitter:card\" content=\"summary_large_image\" \/>\n<meta name=\"twitter:label1\" content=\"Timp estimat pentru citire\" \/>\n\t<meta name=\"twitter:data1\" content=\"1 minut\" \/>\n<script type=\"application\/ld+json\" class=\"yoast-schema-graph\">{\"@context\":\"https:\/\/schema.org\",\"@graph\":[{\"@type\":\"WebPage\",\"@id\":\"https:\/\/daalgroup.hu\/kapcsolat\/\",\"url\":\"https:\/\/daalgroup.hu\/kapcsolat\/\",\"name\":\"Kapcsolat - DAAL-CON\",\"isPartOf\":{\"@id\":\"https:\/\/daalgroup.hu\/#website\"},\"primaryImageOfPage\":{\"@id\":\"https:\/\/daalgroup.hu\/kapcsolat\/#primaryimage\"},\"image\":{\"@id\":\"https:\/\/daalgroup.hu\/kapcsolat\/#primaryimage\"},\"thumbnailUrl\":\"https:\/\/daalgroup.hu\/wp-content\/uploads\/2024\/06\/Sandor-Daniel-Managing-Director-1.webp\",\"datePublished\":\"2024-05-06T10:36:46+00:00\",\"dateModified\":\"2025-06-12T15:42:56+00:00\",\"breadcrumb\":{\"@id\":\"https:\/\/daalgroup.hu\/kapcsolat\/#breadcrumb\"},\"inLanguage\":\"ro-RO\",\"potentialAction\":[{\"@type\":\"ReadAction\",\"target\":[\"https:\/\/daalgroup.hu\/kapcsolat\/\"]}]},{\"@type\":\"ImageObject\",\"inLanguage\":\"ro-RO\",\"@id\":\"https:\/\/daalgroup.hu\/kapcsolat\/#primaryimage\",\"url\":\"https:\/\/daalgroup.hu\/wp-content\/uploads\/2024\/06\/Sandor-Daniel-Managing-Director-1.webp\",\"contentUrl\":\"https:\/\/daalgroup.hu\/wp-content\/uploads\/2024\/06\/Sandor-Daniel-Managing-Director-1.webp\"},{\"@type\":\"BreadcrumbList\",\"@id\":\"https:\/\/daalgroup.hu\/kapcsolat\/#breadcrumb\",\"itemListElement\":[{\"@type\":\"ListItem\",\"position\":1,\"name\":\"Kezd\u0151lap\",\"item\":\"https:\/\/daalgroup.hu\/\"},{\"@type\":\"ListItem\",\"position\":2,\"name\":\"Kapcsolat\"}]},{\"@type\":\"WebSite\",\"@id\":\"https:\/\/daalgroup.hu\/#website\",\"url\":\"https:\/\/daalgroup.hu\/\",\"name\":\"DAAL-CON\",\"description\":\"\",\"publisher\":{\"@id\":\"https:\/\/daalgroup.hu\/#organization\"},\"potentialAction\":[{\"@type\":\"SearchAction\",\"target\":{\"@type\":\"EntryPoint\",\"urlTemplate\":\"https:\/\/daalgroup.hu\/?s={search_term_string}\"},\"query-input\":{\"@type\":\"PropertyValueSpecification\",\"valueRequired\":true,\"valueName\":\"search_term_string\"}}],\"inLanguage\":\"ro-RO\"},{\"@type\":\"Organization\",\"@id\":\"https:\/\/daalgroup.hu\/#organization\",\"name\":\"DAAL-CON\",\"url\":\"https:\/\/daalgroup.hu\/\",\"logo\":{\"@type\":\"ImageObject\",\"inLanguage\":\"ro-RO\",\"@id\":\"https:\/\/daalgroup.hu\/#\/schema\/logo\/image\/\",\"url\":\"https:\/\/daalgroup.hu\/wp-content\/uploads\/2024\/05\/daal_member_of_logok_daal-con-1.webp\",\"contentUrl\":\"https:\/\/daalgroup.hu\/wp-content\/uploads\/2024\/05\/daal_member_of_logok_daal-con-1.webp\",\"width\":486,\"height\":130,\"caption\":\"DAAL-CON\"},\"image\":{\"@id\":\"https:\/\/daalgroup.hu\/#\/schema\/logo\/image\/\"}}]}<\/script>\n<!-- \/ Yoast SEO Premium plugin. -->","yoast_head_json":{"title":"Kapcsolat - DAAL-CON","robots":{"index":"index","follow":"follow","max-snippet":"max-snippet:-1","max-image-preview":"max-image-preview:large","max-video-preview":"max-video-preview:-1"},"canonical":"https:\/\/daalgroup.hu\/ro\/kapcsolat\/","og_locale":"ro_RO","og_type":"article","og_title":"Kapcsolat","og_description":"Kapcsolat Elm\u00falt, t\u00f6bb mint 17 \u00e9vben folyamatosan azon dolgozunk, hogy \u00fcgyfeleink ig\u00e9nyeit, min\u00e9l magasabb sz\u00ednvonalon kiszolg\u00e1ljuk \u00e9s a lehet\u0151 legsz\u00e9lesebb k\u00f6rben ny\u00fajtsunk szolg\u00e1ltat\u00e1sokat. \u00a0 Ez\u00e9rt c\u00e9g\u00fcnkn\u00e9l megtal\u00e1lhat\u00f3 a saj\u00e1t tervez\u0151iroda, saj\u00e1t kivitelez\u0151 csapat \u00e9s m\u00e1r a saj\u00e1t el\u0151gy\u00e1rt\u00f3 \u00fczem is, hogy min\u00e9l rugalmasabban \u00e9s a lehet\u0151 legsz\u0171kebb \u00fctemtervben tudjuk \u00fcgyfeleinket kiszolg\u00e1lni. Ha seg\u00edts\u00e9gre van sz\u00fcks\u00e9ge, [&hellip;]","og_url":"https:\/\/daalgroup.hu\/ro\/kapcsolat\/","og_site_name":"DAAL-CON","article_modified_time":"2025-06-12T15:42:56+00:00","og_image":[{"width":765,"height":717,"url":"https:\/\/daalgroup.hu\/wp-content\/uploads\/2024\/06\/Sandor-Daniel-Managing-Director-1.webp","type":"image\/webp"}],"twitter_card":"summary_large_image","twitter_misc":{"Timp estimat pentru citire":"1 minut"},"schema":{"@context":"https:\/\/schema.org","@graph":[{"@type":"WebPage","@id":"https:\/\/daalgroup.hu\/kapcsolat\/","url":"https:\/\/daalgroup.hu\/kapcsolat\/","name":"Kapcsolat - DAAL-CON","isPartOf":{"@id":"https:\/\/daalgroup.hu\/#website"},"primaryImageOfPage":{"@id":"https:\/\/daalgroup.hu\/kapcsolat\/#primaryimage"},"image":{"@id":"https:\/\/daalgroup.hu\/kapcsolat\/#primaryimage"},"thumbnailUrl":"https:\/\/daalgroup.hu\/wp-content\/uploads\/2024\/06\/Sandor-Daniel-Managing-Director-1.webp","datePublished":"2024-05-06T10:36:46+00:00","dateModified":"2025-06-12T15:42:56+00:00","breadcrumb":{"@id":"https:\/\/daalgroup.hu\/kapcsolat\/#breadcrumb"},"inLanguage":"ro-RO","potentialAction":[{"@type":"ReadAction","target":["https:\/\/daalgroup.hu\/kapcsolat\/"]}]},{"@type":"ImageObject","inLanguage":"ro-RO","@id":"https:\/\/daalgroup.hu\/kapcsolat\/#primaryimage","url":"https:\/\/daalgroup.hu\/wp-content\/uploads\/2024\/06\/Sandor-Daniel-Managing-Director-1.webp","contentUrl":"https:\/\/daalgroup.hu\/wp-content\/uploads\/2024\/06\/Sandor-Daniel-Managing-Director-1.webp"},{"@type":"BreadcrumbList","@id":"https:\/\/daalgroup.hu\/kapcsolat\/#breadcrumb","itemListElement":[{"@type":"ListItem","position":1,"name":"Kezd\u0151lap","item":"https:\/\/daalgroup.hu\/"},{"@type":"ListItem","position":2,"name":"Kapcsolat"}]},{"@type":"WebSite","@id":"https:\/\/daalgroup.hu\/#website","url":"https:\/\/daalgroup.hu\/","name":"DAAL-CON","description":"","publisher":{"@id":"https:\/\/daalgroup.hu\/#organization"},"potentialAction":[{"@type":"SearchAction","target":{"@type":"EntryPoint","urlTemplate":"https:\/\/daalgroup.hu\/?s={search_term_string}"},"query-input":{"@type":"PropertyValueSpecification","valueRequired":true,"valueName":"search_term_string"}}],"inLanguage":"ro-RO"},{"@type":"Organization","@id":"https:\/\/daalgroup.hu\/#organization","name":"DAAL-CON","url":"https:\/\/daalgroup.hu\/","logo":{"@type":"ImageObject","inLanguage":"ro-RO","@id":"https:\/\/daalgroup.hu\/#\/schema\/logo\/image\/","url":"https:\/\/daalgroup.hu\/wp-content\/uploads\/2024\/05\/daal_member_of_logok_daal-con-1.webp","contentUrl":"https:\/\/daalgroup.hu\/wp-content\/uploads\/2024\/05\/daal_member_of_logok_daal-con-1.webp","width":486,"height":130,"caption":"DAAL-CON"},"image":{"@id":"https:\/\/daalgroup.hu\/#\/schema\/logo\/image\/"}}]}},"_links":{"self":[{"href":"https:\/\/daalgroup.hu\/ro\/wp-json\/wp\/v2\/pages\/4687","targetHints":{"allow":["GET"]}}],"collection":[{"href":"https:\/\/daalgroup.hu\/ro\/wp-json\/wp\/v2\/pages"}],"about":[{"href":"https:\/\/daalgroup.hu\/ro\/wp-json\/wp\/v2\/types\/page"}],"author":[{"embeddable":true,"href":"https:\/\/daalgroup.hu\/ro\/wp-json\/wp\/v2\/users\/1"}],"replies":[{"embeddable":true,"href":"https:\/\/daalgroup.hu\/ro\/wp-json\/wp\/v2\/comments?post=4687"}],"version-history":[{"count":15,"href":"https:\/\/daalgroup.hu\/ro\/wp-json\/wp\/v2\/pages\/4687\/revisions"}],"predecessor-version":[{"id":8241,"href":"https:\/\/daalgroup.hu\/ro\/wp-json\/wp\/v2\/pages\/4687\/revisions\/8241"}],"wp:attachment":[{"href":"https:\/\/daalgroup.hu\/ro\/wp-json\/wp\/v2\/media?parent=4687"}],"curies":[{"name":"wp","href":"https:\/\/api.w.org\/{rel}","templated":true}]}}