{"id":4489,"date":"2024-04-26T10:23:02","date_gmt":"2024-04-26T08:23:02","guid":{"rendered":"https:\/\/daalgroup.hu\/?page_id=4489"},"modified":"2024-07-02T12:57:35","modified_gmt":"2024-07-02T10:57:35","slug":"esettanulmanyok-2","status":"publish","type":"page","link":"https:\/\/daalgroup.hu\/ja\/esettanulmanyok-2\/","title":{"rendered":"\u30b1\u30fc\u30b9\u30b9\u30bf\u30c7\u30a3"},"content":{"rendered":"<div data-elementor-type=\"wp-page\" data-elementor-id=\"4489\" class=\"elementor elementor-4489\" data-elementor-post-type=\"page\">\n\t\t\t\t<div class=\"elementor-element elementor-element-2ddb514 bg-hero e-flex e-con-boxed e-con e-parent\" data-id=\"2ddb514\" data-element_type=\"container\" data-e-type=\"container\" data-settings=\"{&quot;shape_divider_bottom&quot;:&quot;curve&quot;,&quot;shape_divider_bottom_negative&quot;:&quot;yes&quot;,&quot;background_background&quot;:&quot;classic&quot;}\">\n\t\t\t\t\t<div class=\"e-con-inner\">\n\t\t\t\t<div class=\"elementor-shape elementor-shape-bottom\" aria-hidden=\"true\" data-negative=\"true\">\n\t\t\t<svg xmlns=\"http:\/\/www.w3.org\/2000\/svg\" viewbox=\"0 0 1000 100\" preserveaspectratio=\"none\">\n\t<path class=\"elementor-shape-fill\" d=\"M500,97C126.7,96.3,0.8,19.8,0,0v100l1000,0V1C1000,19.4,873.3,97.8,500,97z\"\/>\n<\/svg>\t\t<\/div>\n\t\t<div class=\"elementor-element elementor-element-99ee7ac e-con-full e-flex e-con e-child\" data-id=\"99ee7ac\" data-element_type=\"container\" data-e-type=\"container\">\n\t\t\t\t<div class=\"elementor-element elementor-element-894d987 elementor-widget elementor-widget-heading\" data-id=\"894d987\" data-element_type=\"widget\" data-e-type=\"widget\" data-widget_type=\"heading.default\">\n\t\t\t\t<div class=\"elementor-widget-container\">\n\t\t\t\t\t<h1 class=\"elementor-heading-title elementor-size-default\">\u30b1\u30fc\u30b9\u30b9\u30bf\u30c7\u30a3<\/h1>\t\t\t\t<\/div>\n\t\t\t\t<\/div>\n\t\t\t\t<div class=\"elementor-element elementor-element-d9d3cfe elementor-widget elementor-widget-text-editor\" data-id=\"d9d3cfe\" data-element_type=\"widget\" data-e-type=\"widget\" data-widget_type=\"text-editor.default\">\n\t\t\t\t<div class=\"elementor-widget-container\">\n\t\t\t\t\t\t\t\t\t<p>15\u5e74\u4ee5\u4e0a\u306e\u7d4c\u9a13\u3092\u6301\u3064\u79c1\u305f\u3061\u306f\u3001\u6570\u591a\u304f\u306e\u30d7\u30ed\u30b8\u30a7\u30af\u30c8\u3092\u6210\u529f\u306b\u5c0e\u3044\u3066\u304d\u305f\u3068\u81ea\u8ca0\u3057\u3066\u3044\u307e\u3059\u3002\u79c1\u305f\u3061\u306e\u904e\u53bb\u306e\u4ed5\u4e8b\u306e\u4e00\u90e8\u3092\u898b\u308b\u306b\u306f\u3001\u8a18\u4e8b\u3092\u30af\u30ea\u30c3\u30af\u3057\u3066\u304f\u3060\u3055\u3044\u3002<\/p>\t\t\t\t\t\t\t\t<\/div>\n\t\t\t\t<\/div>\n\t\t\t\t<\/div>\n\t\t\t\t\t<\/div>\n\t\t\t\t<\/div>\n\t\t<div class=\"elementor-element elementor-element-2e870e9 e-flex e-con-boxed e-con e-parent\" data-id=\"2e870e9\" data-element_type=\"container\" data-e-type=\"container\">\n\t\t\t\t\t<div class=\"e-con-inner\">\n\t\t\t\t<div class=\"elementor-element elementor-element-eb7f1c2 elementor-grid-3 elementor-grid-tablet-2 elementor-grid-mobile-1 elementor-posts--thumbnail-top elementor-card-shadow-yes elementor-posts__hover-gradient elementor-widget elementor-widget-posts\" data-id=\"eb7f1c2\" data-element_type=\"widget\" data-e-type=\"widget\" data-settings=\"{&quot;cards_columns&quot;:&quot;3&quot;,&quot;cards_columns_tablet&quot;:&quot;2&quot;,&quot;cards_columns_mobile&quot;:&quot;1&quot;,&quot;cards_row_gap&quot;:{&quot;unit&quot;:&quot;px&quot;,&quot;size&quot;:35,&quot;sizes&quot;:[]},&quot;cards_row_gap_laptop&quot;:{&quot;unit&quot;:&quot;px&quot;,&quot;size&quot;:&quot;&quot;,&quot;sizes&quot;:[]},&quot;cards_row_gap_tablet&quot;:{&quot;unit&quot;:&quot;px&quot;,&quot;size&quot;:&quot;&quot;,&quot;sizes&quot;:[]},&quot;cards_row_gap_mobile&quot;:{&quot;unit&quot;:&quot;px&quot;,&quot;size&quot;:&quot;&quot;,&quot;sizes&quot;:[]}}\" data-widget_type=\"posts.cards\">\n\t\t\t\t<div class=\"elementor-widget-container\">\n\t\t\t\t\t\t\t<div class=\"elementor-posts-container elementor-posts elementor-posts--skin-cards elementor-grid\" role=\"list\">\n\t\t\t\t<article class=\"elementor-post elementor-grid-item post-4387 post type-post status-publish format-standard has-post-thumbnail hentry category-esettanulmany category-legtechnika\" role=\"listitem\">\n\t\t\t<div class=\"elementor-post__card\">\n\t\t\t\t<a class=\"elementor-post__thumbnail__link\" href=\"https:\/\/daalgroup.hu\/ja\/legtechnikai-fejlesztes\/\" tabindex=\"-1\" ><div class=\"elementor-post__thumbnail\"><img fetchpriority=\"high\" decoding=\"async\" width=\"1200\" height=\"450\" src=\"https:\/\/daalgroup.hu\/wp-content\/uploads\/2020\/03\/legtechnikai-fejlesztessel-tanacsadassal-1.jpg\" class=\"attachment-full size-full wp-image-4628\" alt=\"\" srcset=\"https:\/\/daalgroup.hu\/wp-content\/uploads\/2020\/03\/legtechnikai-fejlesztessel-tanacsadassal-1.jpg 1200w, https:\/\/daalgroup.hu\/wp-content\/uploads\/2020\/03\/legtechnikai-fejlesztessel-tanacsadassal-1-300x113.jpg 300w, https:\/\/daalgroup.hu\/wp-content\/uploads\/2020\/03\/legtechnikai-fejlesztessel-tanacsadassal-1-1024x384.jpg 1024w, https:\/\/daalgroup.hu\/wp-content\/uploads\/2020\/03\/legtechnikai-fejlesztessel-tanacsadassal-1-768x288.jpg 768w\" sizes=\"(max-width: 1200px) 100vw, 1200px\" \/><\/div><\/a>\n\t\t\t\t<div class=\"elementor-post__text\">\n\t\t\t\t<h3 class=\"elementor-post__title\">\n\t\t\t<a href=\"https:\/\/daalgroup.hu\/ja\/legtechnikai-fejlesztes\/\" >\n\t\t\t\t\u6eb6\u63a5\u30d7\u30e9\u30f3\u30c8\u30fb\u30a8\u30a2\u6280\u8853\u958b\u767a\u30b3\u30f3\u30b5\u30eb\u30bf\u30f3\u30c8\t\t\t<\/a>\n\t\t<\/h3>\n\t\t\n\t\t<a class=\"elementor-post__read-more\" href=\"https:\/\/daalgroup.hu\/ja\/legtechnikai-fejlesztes\/\" aria-label=\"\u6eb6\u63a5\u30d7\u30e9\u30f3\u30c8\u306e\u7a7a\u6c17\u6280\u8853\u958b\u767a\u30b3\u30f3\u30b5\u30eb\u30bf\u30f3\u30c8 \u306b\u3064\u3044\u3066\u3082\u3063\u3068\u8aad\u3080\" tabindex=\"-1\" >\n\t\t\t\u7d9a\u304d\u3092\u8aad\u3080 \u00bb\t\t<\/a>\n\n\t\t\t\t<\/div>\n\t\t\t\t\t<\/div>\n\t\t<\/article>\n\t\t\t\t<article class=\"elementor-post elementor-grid-item post-4211 post type-post status-publish format-standard has-post-thumbnail hentry category-esettanulmany category-generalkivitelezes\" role=\"listitem\">\n\t\t\t<div class=\"elementor-post__card\">\n\t\t\t\t<a class=\"elementor-post__thumbnail__link\" href=\"https:\/\/daalgroup.hu\/ja\/megfelelo-tisztasagu-ter-generalkivitelezese\/\" tabindex=\"-1\" ><div class=\"elementor-post__thumbnail\"><img decoding=\"async\" width=\"1200\" height=\"450\" src=\"https:\/\/daalgroup.hu\/wp-content\/uploads\/2020\/03\/Tisztabb_ter_kivitelezese-1-1.jpg\" class=\"attachment-full size-full wp-image-4627\" alt=\"\" srcset=\"https:\/\/daalgroup.hu\/wp-content\/uploads\/2020\/03\/Tisztabb_ter_kivitelezese-1-1.jpg 1200w, https:\/\/daalgroup.hu\/wp-content\/uploads\/2020\/03\/Tisztabb_ter_kivitelezese-1-1-300x113.jpg 300w, https:\/\/daalgroup.hu\/wp-content\/uploads\/2020\/03\/Tisztabb_ter_kivitelezese-1-1-1024x384.jpg 1024w, https:\/\/daalgroup.hu\/wp-content\/uploads\/2020\/03\/Tisztabb_ter_kivitelezese-1-1-768x288.jpg 768w\" sizes=\"(max-width: 1200px) 100vw, 1200px\" \/><\/div><\/a>\n\t\t\t\t<div class=\"elementor-post__text\">\n\t\t\t\t<h3 class=\"elementor-post__title\">\n\t\t\t<a href=\"https:\/\/daalgroup.hu\/ja\/megfelelo-tisztasagu-ter-generalkivitelezese\/\" >\n\t\t\t\t\u65e5\u7cfb\u81ea\u52d5\u8eca\u90e8\u54c1\u30e1\u30fc\u30ab\u30fc\u5411\u3051\u3001\u5927\u5e45\u306a\u30b3\u30b9\u30c8\u524a\u6e1b\u3092\u5b9f\u73fe\u3057\u305f\u65b0\u7d44\u7acb \"\u30af\u30ea\u30fc\u30f3 \"\u30b9\u30da\u30fc\u30b9\u306e\u7dcf\u5408\u8acb\u8ca0\u5de5\u4e8b\u3002\t\t\t<\/a>\n\t\t<\/h3>\n\t\t\n\t\t<a class=\"elementor-post__read-more\" href=\"https:\/\/daalgroup.hu\/ja\/megfelelo-tisztasagu-ter-generalkivitelezese\/\" aria-label=\"\u7d9a\u304d\u3092\u8aad\u3080 \u65e5\u7cfb\u81ea\u52d5\u8eca\u90e8\u54c1\u30e1\u30fc\u30ab\u30fc\u306e\u65b0\u7d44\u7acb &quot;\u30af\u30ea\u30fc\u30f3 &quot;\u30b9\u30da\u30fc\u30b9\u3001\u5927\u5e45\u30b3\u30b9\u30c8\u524a\u6e1b\u306e\u30bf\u30fc\u30f3\u30ad\u30fc\u7dcf\u5408\u7d44\u7acb\u306b\" tabindex=\"-1\" >\n\t\t\t\u7d9a\u304d\u3092\u8aad\u3080 \u00bb\t\t<\/a>\n\n\t\t\t\t<\/div>\n\t\t\t\t\t<\/div>\n\t\t<\/article>\n\t\t\t\t<article class=\"elementor-post elementor-grid-item post-4160 post type-post status-publish format-standard has-post-thumbnail hentry category-esettanulmany category-generalkivitelezes tag-generalkivitelezes\" role=\"listitem\">\n\t\t\t<div class=\"elementor-post__card\">\n\t\t\t\t<a class=\"elementor-post__thumbnail__link\" href=\"https:\/\/daalgroup.hu\/ja\/gyartosori-klimatizacio-generalkivitelezese\/\" tabindex=\"-1\" ><div class=\"elementor-post__thumbnail\"><img decoding=\"async\" width=\"1200\" height=\"450\" src=\"https:\/\/daalgroup.hu\/wp-content\/uploads\/2020\/03\/gyartosori-klimatizacio-1.jpg\" class=\"attachment-full size-full wp-image-4626\" alt=\"\" srcset=\"https:\/\/daalgroup.hu\/wp-content\/uploads\/2020\/03\/gyartosori-klimatizacio-1.jpg 1200w, https:\/\/daalgroup.hu\/wp-content\/uploads\/2020\/03\/gyartosori-klimatizacio-1-300x113.jpg 300w, https:\/\/daalgroup.hu\/wp-content\/uploads\/2020\/03\/gyartosori-klimatizacio-1-1024x384.jpg 1024w, https:\/\/daalgroup.hu\/wp-content\/uploads\/2020\/03\/gyartosori-klimatizacio-1-768x288.jpg 768w\" sizes=\"(max-width: 1200px) 100vw, 1200px\" \/><\/div><\/a>\n\t\t\t\t<div class=\"elementor-post__text\">\n\t\t\t\t<h3 class=\"elementor-post__title\">\n\t\t\t<a href=\"https:\/\/daalgroup.hu\/ja\/gyartosori-klimatizacio-generalkivitelezese\/\" >\n\t\t\t\t\u65e5\u7cfb\u5927\u624b\u81ea\u52d5\u8eca\u30e1\u30fc\u30ab\u30fc\u306e\u751f\u7523\u30e9\u30a4\u30f3\u7a7a\u8abf\u30bc\u30cd\u30b3\u30f3\t\t\t<\/a>\n\t\t<\/h3>\n\t\t\n\t\t<a class=\"elementor-post__read-more\" href=\"https:\/\/daalgroup.hu\/ja\/gyartosori-klimatizacio-generalkivitelezese\/\" aria-label=\"\u7d9a\u304d\u3092\u8aad\u3080 \u65e5\u672c\u306e\u81ea\u52d5\u8eca\u5927\u624b\u3001\u5de5\u5834\u7a7a\u8abf\u306e\u7dcf\u5408\u5efa\u8a2d\u3092\u5b8c\u4e86\" tabindex=\"-1\" >\n\t\t\t\u7d9a\u304d\u3092\u8aad\u3080 \u00bb\t\t<\/a>\n\n\t\t\t\t<\/div>\n\t\t\t\t\t<\/div>\n\t\t<\/article>\n\t\t\t\t<article class=\"elementor-post elementor-grid-item post-4058 post type-post status-publish format-standard has-post-thumbnail hentry category-ipari-csarnok-klimatizalas\" role=\"listitem\">\n\t\t\t<div class=\"elementor-post__card\">\n\t\t\t\t<a class=\"elementor-post__thumbnail__link\" href=\"https:\/\/daalgroup.hu\/ja\/ipari-csarnok-futese-es-hutese-okosan-sporolj-meg-te-is-rengeteg-penzt-es-idot\/\" tabindex=\"-1\" ><div class=\"elementor-post__thumbnail\"><img loading=\"lazy\" decoding=\"async\" width=\"1200\" height=\"450\" src=\"https:\/\/daalgroup.hu\/wp-content\/uploads\/2020\/03\/ipari-csarnok-futese-es-hutese-1.jpg\" class=\"attachment-full size-full wp-image-4625\" alt=\"\" srcset=\"https:\/\/daalgroup.hu\/wp-content\/uploads\/2020\/03\/ipari-csarnok-futese-es-hutese-1.jpg 1200w, https:\/\/daalgroup.hu\/wp-content\/uploads\/2020\/03\/ipari-csarnok-futese-es-hutese-1-300x113.jpg 300w, https:\/\/daalgroup.hu\/wp-content\/uploads\/2020\/03\/ipari-csarnok-futese-es-hutese-1-1024x384.jpg 1024w, https:\/\/daalgroup.hu\/wp-content\/uploads\/2020\/03\/ipari-csarnok-futese-es-hutese-1-768x288.jpg 768w\" sizes=\"(max-width: 1200px) 100vw, 1200px\" \/><\/div><\/a>\n\t\t\t\t<div class=\"elementor-post__text\">\n\t\t\t\t<h3 class=\"elementor-post__title\">\n\t\t\t<a href=\"https:\/\/daalgroup.hu\/ja\/ipari-csarnok-futese-es-hutese-okosan-sporolj-meg-te-is-rengeteg-penzt-es-idot\/\" >\n\t\t\t\t\u7523\u696d\u30db\u30fc\u30eb\u306e\u30b9\u30de\u30fc\u30c8\u306a\u51b7\u6696\u623f - \u30b3\u30b9\u30c8\u3068\u6642\u9593\u3092\u5927\u5e45\u306b\u7bc0\u7d04\uff01\t\t\t<\/a>\n\t\t<\/h3>\n\t\t\n\t\t<a class=\"elementor-post__read-more\" href=\"https:\/\/daalgroup.hu\/ja\/ipari-csarnok-futese-es-hutese-okosan-sporolj-meg-te-is-rengeteg-penzt-es-idot\/\" aria-label=\"\u7d9a\u304d\u3092\u8aad\u3080 \u7523\u696d\u30db\u30fc\u30eb\u306e\u30b9\u30de\u30fc\u30c8\u306a\u51b7\u6696\u623f - \u30b3\u30b9\u30c8\u3068\u6642\u9593\u3092\u5927\u5e45\u306b\u7bc0\u7d04\uff01\" tabindex=\"-1\" >\n\t\t\t\u7d9a\u304d\u3092\u8aad\u3080 \u00bb\t\t<\/a>\n\n\t\t\t\t<\/div>\n\t\t\t\t\t<\/div>\n\t\t<\/article>\n\t\t\t\t<article class=\"elementor-post elementor-grid-item post-1878 post type-post status-publish format-standard has-post-thumbnail hentry category-ipari-elszivas\" role=\"listitem\">\n\t\t\t<div class=\"elementor-post__card\">\n\t\t\t\t<a class=\"elementor-post__thumbnail__link\" href=\"https:\/\/daalgroup.hu\/ja\/ipari-elszivas-es-levegoszures-7-tevhit-amirol-tudnia-kell\/\" tabindex=\"-1\" ><div class=\"elementor-post__thumbnail\"><img loading=\"lazy\" decoding=\"async\" width=\"1200\" height=\"450\" src=\"https:\/\/daalgroup.hu\/wp-content\/uploads\/2020\/03\/Ipari-elszivas-es-levegoszures-1.jpg\" class=\"attachment-full size-full wp-image-4624\" alt=\"\" srcset=\"https:\/\/daalgroup.hu\/wp-content\/uploads\/2020\/03\/Ipari-elszivas-es-levegoszures-1.jpg 1200w, https:\/\/daalgroup.hu\/wp-content\/uploads\/2020\/03\/Ipari-elszivas-es-levegoszures-1-300x113.jpg 300w, https:\/\/daalgroup.hu\/wp-content\/uploads\/2020\/03\/Ipari-elszivas-es-levegoszures-1-1024x384.jpg 1024w, https:\/\/daalgroup.hu\/wp-content\/uploads\/2020\/03\/Ipari-elszivas-es-levegoszures-1-768x288.jpg 768w\" sizes=\"(max-width: 1200px) 100vw, 1200px\" \/><\/div><\/a>\n\t\t\t\t<div class=\"elementor-post__text\">\n\t\t\t\t<h3 class=\"elementor-post__title\">\n\t\t\t<a href=\"https:\/\/daalgroup.hu\/ja\/ipari-elszivas-es-levegoszures-7-tevhit-amirol-tudnia-kell\/\" >\n\t\t\t\t\u5de5\u696d\u7528\u62bd\u51fa\u3068\u7a7a\u6c17\u308d\u904e\uff1a\u77e5\u3063\u3066\u304a\u304f\u3079\u304d7\u3064\u306e\u8aa4\u89e3\t\t\t<\/a>\n\t\t<\/h3>\n\t\t\n\t\t<a class=\"elementor-post__read-more\" href=\"https:\/\/daalgroup.hu\/ja\/ipari-elszivas-es-levegoszures-7-tevhit-amirol-tudnia-kell\/\" aria-label=\"\u7523\u696d\u7528\u62bd\u51fa\u3068\u7a7a\u6c17\u308d\u904e\uff1a\u77e5\u3063\u3066\u304a\u304f\u3079\u304d7\u3064\u306e\u8aa4\u89e3 \u306b\u3064\u3044\u3066\u3082\u3063\u3068\u8aad\u3080\" tabindex=\"-1\" >\n\t\t\t\u7d9a\u304d\u3092\u8aad\u3080 \u00bb\t\t<\/a>\n\n\t\t\t\t<\/div>\n\t\t\t\t\t<\/div>\n\t\t<\/article>\n\t\t\t\t<\/div>\n\t\t\n\t\t\t\t\t\t<\/div>\n\t\t\t\t<\/div>\n\t\t\t\t\t<\/div>\n\t\t\t\t<\/div>\n\t\t\t\t<\/div>","protected":false},"excerpt":{"rendered":"<p>\u30b1\u30fc\u30b9\u30b9\u30bf\u30c7\u30a3 15\u5e74\u4ee5\u4e0a\u306e\u7d4c\u9a13\u3092\u6301\u3064\u79c1\u305f\u3061\u306f\u3001\u6570\u591a\u304f\u306e\u30d7\u30ed\u30b8\u30a7\u30af\u30c8\u3092\u6210\u529f\u306b\u5c0e\u3044\u3066\u304d\u305f\u3068\u81ea\u8ca0\u3057\u3066\u3044\u307e\u3059\u3002\u3082\u3063\u3068\u77e5\u308a\u305f\u3044\u65b9\u306f<\/p>","protected":false},"author":1,"featured_media":0,"parent":0,"menu_order":0,"comment_status":"closed","ping_status":"closed","template":"elementor_header_footer","meta":{"footnotes":""},"class_list":["post-4489","page","type-page","status-publish","hentry"],"yoast_head":"<!-- This site is optimized with the Yoast SEO Premium plugin v27.4 (Yoast SEO v27.4) - https:\/\/yoast.com\/product\/yoast-seo-premium-wordpress\/ -->\n<title>Esettanulm\u00e1nyok - DAAL-CON<\/title>\n<meta name=\"description\" content=\"T\u00f6bb mint 15 \u00e9v tapasztalattal b\u00fcszk\u00e9n mondhatjuk, hogy sz\u00e1mos sikeres projektet vitt\u00fcnk v\u00e9ghez. Ismerje meg esettanulm\u00e1nyainkat \u00e9s kor\u00e1bbi munk\u00e1inkat. Kattintson a cikkekre, hogy t\u00f6bbet megtudjon!\" \/>\n<meta name=\"robots\" content=\"index, follow, max-snippet:-1, max-image-preview:large, max-video-preview:-1\" \/>\n<link rel=\"canonical\" href=\"https:\/\/daalgroup.hu\/ja\/esettanulmanyok-2\/\" \/>\n<meta property=\"og:locale\" content=\"ja_JP\" \/>\n<meta property=\"og:type\" content=\"article\" \/>\n<meta property=\"og:title\" content=\"Esettanulm\u00e1nyok\" \/>\n<meta property=\"og:description\" content=\"T\u00f6bb mint 15 \u00e9v tapasztalattal b\u00fcszk\u00e9n mondhatjuk, hogy sz\u00e1mos sikeres projektet vitt\u00fcnk v\u00e9ghez. Ismerje meg esettanulm\u00e1nyainkat \u00e9s kor\u00e1bbi munk\u00e1inkat. Kattintson a cikkekre, hogy t\u00f6bbet megtudjon!\" \/>\n<meta property=\"og:url\" content=\"https:\/\/daalgroup.hu\/ja\/esettanulmanyok-2\/\" \/>\n<meta property=\"og:site_name\" content=\"DAAL-CON\" \/>\n<meta property=\"article:modified_time\" content=\"2024-07-02T10:57:35+00:00\" \/>\n<meta name=\"twitter:card\" content=\"summary_large_image\" \/>\n<meta name=\"twitter:label1\" content=\"\u63a8\u5b9a\u8aad\u307f\u53d6\u308a\u6642\u9593\" \/>\n\t<meta name=\"twitter:data1\" content=\"2\u5206\" \/>\n<script type=\"application\/ld+json\" class=\"yoast-schema-graph\">{\"@context\":\"https:\\\/\\\/schema.org\",\"@graph\":[{\"@type\":\"WebPage\",\"@id\":\"https:\\\/\\\/daalgroup.hu\\\/esettanulmanyok-2\\\/\",\"url\":\"https:\\\/\\\/daalgroup.hu\\\/esettanulmanyok-2\\\/\",\"name\":\"Esettanulm\u00e1nyok - DAAL-CON\",\"isPartOf\":{\"@id\":\"https:\\\/\\\/daalgroup.hu\\\/#website\"},\"datePublished\":\"2024-04-26T08:23:02+00:00\",\"dateModified\":\"2024-07-02T10:57:35+00:00\",\"description\":\"T\u00f6bb mint 15 \u00e9v tapasztalattal b\u00fcszk\u00e9n mondhatjuk, hogy sz\u00e1mos sikeres projektet vitt\u00fcnk v\u00e9ghez. Ismerje meg esettanulm\u00e1nyainkat \u00e9s kor\u00e1bbi munk\u00e1inkat. Kattintson a cikkekre, hogy t\u00f6bbet megtudjon!\",\"breadcrumb\":{\"@id\":\"https:\\\/\\\/daalgroup.hu\\\/esettanulmanyok-2\\\/#breadcrumb\"},\"inLanguage\":\"ja\",\"potentialAction\":[{\"@type\":\"ReadAction\",\"target\":[\"https:\\\/\\\/daalgroup.hu\\\/esettanulmanyok-2\\\/\"]}]},{\"@type\":\"BreadcrumbList\",\"@id\":\"https:\\\/\\\/daalgroup.hu\\\/esettanulmanyok-2\\\/#breadcrumb\",\"itemListElement\":[{\"@type\":\"ListItem\",\"position\":1,\"name\":\"Kezd\u0151lap\",\"item\":\"https:\\\/\\\/daalgroup.hu\\\/\"},{\"@type\":\"ListItem\",\"position\":2,\"name\":\"Esettanulm\u00e1nyok\"}]},{\"@type\":\"WebSite\",\"@id\":\"https:\\\/\\\/daalgroup.hu\\\/#website\",\"url\":\"https:\\\/\\\/daalgroup.hu\\\/\",\"name\":\"DAAL-CON\",\"description\":\"\",\"publisher\":{\"@id\":\"https:\\\/\\\/daalgroup.hu\\\/#organization\"},\"potentialAction\":[{\"@type\":\"SearchAction\",\"target\":{\"@type\":\"EntryPoint\",\"urlTemplate\":\"https:\\\/\\\/daalgroup.hu\\\/?s={search_term_string}\"},\"query-input\":{\"@type\":\"PropertyValueSpecification\",\"valueRequired\":true,\"valueName\":\"search_term_string\"}}],\"inLanguage\":\"ja\"},{\"@type\":\"Organization\",\"@id\":\"https:\\\/\\\/daalgroup.hu\\\/#organization\",\"name\":\"DAAL-CON\",\"url\":\"https:\\\/\\\/daalgroup.hu\\\/\",\"logo\":{\"@type\":\"ImageObject\",\"inLanguage\":\"ja\",\"@id\":\"https:\\\/\\\/daalgroup.hu\\\/#\\\/schema\\\/logo\\\/image\\\/\",\"url\":\"https:\\\/\\\/daalgroup.hu\\\/wp-content\\\/uploads\\\/2024\\\/05\\\/daal_member_of_logok_daal-con-1.webp\",\"contentUrl\":\"https:\\\/\\\/daalgroup.hu\\\/wp-content\\\/uploads\\\/2024\\\/05\\\/daal_member_of_logok_daal-con-1.webp\",\"width\":486,\"height\":130,\"caption\":\"DAAL-CON\"},\"image\":{\"@id\":\"https:\\\/\\\/daalgroup.hu\\\/#\\\/schema\\\/logo\\\/image\\\/\"}}]}<\/script>\n<!-- \/ Yoast SEO Premium plugin. -->","yoast_head_json":{"title":"Esettanulm\u00e1nyok - DAAL-CON","description":"T\u00f6bb mint 15 \u00e9v tapasztalattal b\u00fcszk\u00e9n mondhatjuk, hogy sz\u00e1mos sikeres projektet vitt\u00fcnk v\u00e9ghez. Ismerje meg esettanulm\u00e1nyainkat \u00e9s kor\u00e1bbi munk\u00e1inkat. Kattintson a cikkekre, hogy t\u00f6bbet megtudjon!","robots":{"index":"index","follow":"follow","max-snippet":"max-snippet:-1","max-image-preview":"max-image-preview:large","max-video-preview":"max-video-preview:-1"},"canonical":"https:\/\/daalgroup.hu\/ja\/esettanulmanyok-2\/","og_locale":"ja_JP","og_type":"article","og_title":"Esettanulm\u00e1nyok","og_description":"T\u00f6bb mint 15 \u00e9v tapasztalattal b\u00fcszk\u00e9n mondhatjuk, hogy sz\u00e1mos sikeres projektet vitt\u00fcnk v\u00e9ghez. Ismerje meg esettanulm\u00e1nyainkat \u00e9s kor\u00e1bbi munk\u00e1inkat. Kattintson a cikkekre, hogy t\u00f6bbet megtudjon!","og_url":"https:\/\/daalgroup.hu\/ja\/esettanulmanyok-2\/","og_site_name":"DAAL-CON","article_modified_time":"2024-07-02T10:57:35+00:00","twitter_card":"summary_large_image","twitter_misc":{"\u63a8\u5b9a\u8aad\u307f\u53d6\u308a\u6642\u9593":"2\u5206"},"schema":{"@context":"https:\/\/schema.org","@graph":[{"@type":"WebPage","@id":"https:\/\/daalgroup.hu\/esettanulmanyok-2\/","url":"https:\/\/daalgroup.hu\/esettanulmanyok-2\/","name":"Esettanulm\u00e1nyok - DAAL-CON","isPartOf":{"@id":"https:\/\/daalgroup.hu\/#website"},"datePublished":"2024-04-26T08:23:02+00:00","dateModified":"2024-07-02T10:57:35+00:00","description":"T\u00f6bb mint 15 \u00e9v tapasztalattal b\u00fcszk\u00e9n mondhatjuk, hogy sz\u00e1mos sikeres projektet vitt\u00fcnk v\u00e9ghez. Ismerje meg esettanulm\u00e1nyainkat \u00e9s kor\u00e1bbi munk\u00e1inkat. Kattintson a cikkekre, hogy t\u00f6bbet megtudjon!","breadcrumb":{"@id":"https:\/\/daalgroup.hu\/esettanulmanyok-2\/#breadcrumb"},"inLanguage":"ja","potentialAction":[{"@type":"ReadAction","target":["https:\/\/daalgroup.hu\/esettanulmanyok-2\/"]}]},{"@type":"BreadcrumbList","@id":"https:\/\/daalgroup.hu\/esettanulmanyok-2\/#breadcrumb","itemListElement":[{"@type":"ListItem","position":1,"name":"Kezd\u0151lap","item":"https:\/\/daalgroup.hu\/"},{"@type":"ListItem","position":2,"name":"Esettanulm\u00e1nyok"}]},{"@type":"WebSite","@id":"https:\/\/daalgroup.hu\/#website","url":"https:\/\/daalgroup.hu\/","name":"\u30c0\u30a2\u30eb\u30b3\u30f3","description":"","publisher":{"@id":"https:\/\/daalgroup.hu\/#organization"},"potentialAction":[{"@type":"SearchAction","target":{"@type":"EntryPoint","urlTemplate":"https:\/\/daalgroup.hu\/?s={search_term_string}"},"query-input":{"@type":"PropertyValueSpecification","valueRequired":true,"valueName":"search_term_string"}}],"inLanguage":"ja"},{"@type":"Organization","@id":"https:\/\/daalgroup.hu\/#organization","name":"\u30c0\u30a2\u30eb\u30b3\u30f3","url":"https:\/\/daalgroup.hu\/","logo":{"@type":"ImageObject","inLanguage":"ja","@id":"https:\/\/daalgroup.hu\/#\/schema\/logo\/image\/","url":"https:\/\/daalgroup.hu\/wp-content\/uploads\/2024\/05\/daal_member_of_logok_daal-con-1.webp","contentUrl":"https:\/\/daalgroup.hu\/wp-content\/uploads\/2024\/05\/daal_member_of_logok_daal-con-1.webp","width":486,"height":130,"caption":"DAAL-CON"},"image":{"@id":"https:\/\/daalgroup.hu\/#\/schema\/logo\/image\/"}}]}},"_links":{"self":[{"href":"https:\/\/daalgroup.hu\/ja\/wp-json\/wp\/v2\/pages\/4489","targetHints":{"allow":["GET"]}}],"collection":[{"href":"https:\/\/daalgroup.hu\/ja\/wp-json\/wp\/v2\/pages"}],"about":[{"href":"https:\/\/daalgroup.hu\/ja\/wp-json\/wp\/v2\/types\/page"}],"author":[{"embeddable":true,"href":"https:\/\/daalgroup.hu\/ja\/wp-json\/wp\/v2\/users\/1"}],"replies":[{"embeddable":true,"href":"https:\/\/daalgroup.hu\/ja\/wp-json\/wp\/v2\/comments?post=4489"}],"version-history":[{"count":3,"href":"https:\/\/daalgroup.hu\/ja\/wp-json\/wp\/v2\/pages\/4489\/revisions"}],"predecessor-version":[{"id":7741,"href":"https:\/\/daalgroup.hu\/ja\/wp-json\/wp\/v2\/pages\/4489\/revisions\/7741"}],"wp:attachment":[{"href":"https:\/\/daalgroup.hu\/ja\/wp-json\/wp\/v2\/media?parent=4489"}],"curies":[{"name":"wp","href":"https:\/\/api.w.org\/{rel}","templated":true}]}}