{"id":715,"date":"2024-04-08T13:49:17","date_gmt":"2024-04-08T11:49:17","guid":{"rendered":"https:\/\/daalgroup.hu\/?page_id=715"},"modified":"2024-10-16T14:24:10","modified_gmt":"2024-10-16T12:24:10","slug":"elooldal","status":"publish","type":"page","link":"https:\/\/daalgroup.hu\/de\/","title":{"rendered":"Startseite"},"content":{"rendered":"<div data-elementor-type=\"wp-page\" data-elementor-id=\"715\" class=\"elementor elementor-715\" data-elementor-post-type=\"page\">\n\t\t\t\t<div class=\"elementor-element elementor-element-92e8494 e-flex e-con-boxed e-con e-parent\" data-id=\"92e8494\" data-element_type=\"container\" data-e-type=\"container\">\n\t\t\t\t\t<div class=\"e-con-inner\">\n\t\t<div class=\"elementor-element elementor-element-a952833 e-con-full e-flex e-con e-child\" data-id=\"a952833\" data-element_type=\"container\" data-e-type=\"container\">\n\t\t\t\t<div class=\"elementor-element elementor-element-020d067 e-transform elementor-widget elementor-widget-image\" data-id=\"020d067\" data-element_type=\"widget\" data-e-type=\"widget\" data-settings=\"{&quot;_transform_translateX_effect&quot;:{&quot;unit&quot;:&quot;px&quot;,&quot;size&quot;:15,&quot;sizes&quot;:[]},&quot;_transform_translateX_effect_laptop&quot;:{&quot;unit&quot;:&quot;px&quot;,&quot;size&quot;:&quot;&quot;,&quot;sizes&quot;:[]},&quot;_transform_translateX_effect_tablet&quot;:{&quot;unit&quot;:&quot;px&quot;,&quot;size&quot;:&quot;&quot;,&quot;sizes&quot;:[]},&quot;_transform_translateX_effect_mobile&quot;:{&quot;unit&quot;:&quot;px&quot;,&quot;size&quot;:&quot;&quot;,&quot;sizes&quot;:[]},&quot;_transform_translateY_effect&quot;:{&quot;unit&quot;:&quot;px&quot;,&quot;size&quot;:&quot;&quot;,&quot;sizes&quot;:[]},&quot;_transform_translateY_effect_laptop&quot;:{&quot;unit&quot;:&quot;px&quot;,&quot;size&quot;:&quot;&quot;,&quot;sizes&quot;:[]},&quot;_transform_translateY_effect_tablet&quot;:{&quot;unit&quot;:&quot;px&quot;,&quot;size&quot;:&quot;&quot;,&quot;sizes&quot;:[]},&quot;_transform_translateY_effect_mobile&quot;:{&quot;unit&quot;:&quot;px&quot;,&quot;size&quot;:&quot;&quot;,&quot;sizes&quot;:[]}}\" data-widget_type=\"image.default\">\n\t\t\t\t<div class=\"elementor-widget-container\">\n\t\t\t\t\t\t\t\t\t\t\t\t\t\t\t<img fetchpriority=\"high\" decoding=\"async\" width=\"479\" height=\"135\" src=\"https:\/\/daalgroup.hu\/wp-content\/uploads\/2024\/04\/daal_group_logo.png\" class=\"attachment-full size-full wp-image-767\" alt=\"\" srcset=\"https:\/\/daalgroup.hu\/wp-content\/uploads\/2024\/04\/daal_group_logo.png 479w, https:\/\/daalgroup.hu\/wp-content\/uploads\/2024\/04\/daal_group_logo-300x85.png 300w\" sizes=\"(max-width: 479px) 100vw, 479px\" \/>\t\t\t\t\t\t\t\t\t\t\t\t\t\t\t<\/div>\n\t\t\t\t<\/div>\n\t\t\t\t<div class=\"elementor-element elementor-element-ccf17ec elementor-widget__width-initial elementor-widget-mobile__width-inherit elementor-widget elementor-widget-heading\" data-id=\"ccf17ec\" data-element_type=\"widget\" data-e-type=\"widget\" data-widget_type=\"heading.default\">\n\t\t\t\t<div class=\"elementor-widget-container\">\n\t\t\t\t\t<h1 class=\"elementor-heading-title elementor-size-default\">Komplexe Engineering-, Energie-, Automatisierungs- und Architekturl\u00f6sungen f\u00fcr eine kostenoptimierte und zuverl\u00e4ssige Produktion<\/h1>\t\t\t\t<\/div>\n\t\t\t\t<\/div>\n\t\t\t\t<\/div>\n\t\t\t\t\t<\/div>\n\t\t\t\t<\/div>\n\t\t<div class=\"elementor-element elementor-element-11b8f3b e-con-full e-flex e-con e-parent\" data-id=\"11b8f3b\" data-element_type=\"container\" data-e-type=\"container\" data-settings=\"{&quot;background_background&quot;:&quot;classic&quot;,&quot;shape_divider_top&quot;:&quot;curve&quot;}\">\n\t\t\t\t<div class=\"elementor-shape elementor-shape-top\" aria-hidden=\"true\" data-negative=\"false\">\n\t\t\t<svg xmlns=\"http:\/\/www.w3.org\/2000\/svg\" viewbox=\"0 0 1000 100\" preserveaspectratio=\"none\">\n    <path class=\"elementor-shape-fill\" d=\"M1000,4.3V0H0v4.3C0.9,23.1,126.7,99.2,500,100S1000,22.7,1000,4.3z\"\/>\n<\/svg>\t\t<\/div>\n\t\t<a class=\"elementor-element elementor-element-13184b9 e-con-full e-flex e-con e-child\" data-id=\"13184b9\" data-element_type=\"container\" data-e-type=\"container\" data-settings=\"{&quot;background_background&quot;:&quot;classic&quot;}\" href=\"https:\/\/daalgroup.hu\/de\/fooldal\/\">\n\t\t<div class=\"elementor-element elementor-element-833c46e e-flex e-con-boxed e-con e-child\" data-id=\"833c46e\" data-element_type=\"container\" data-e-type=\"container\">\n\t\t\t\t\t<div class=\"e-con-inner\">\n\t\t\t\t<div class=\"elementor-element elementor-element-d706e9a elementor-widget elementor-widget-image\" data-id=\"d706e9a\" data-element_type=\"widget\" data-e-type=\"widget\" data-widget_type=\"image.default\">\n\t\t\t\t<div class=\"elementor-widget-container\">\n\t\t\t\t\t\t\t\t\t\t\t\t\t\t\t<img decoding=\"async\" width=\"486\" height=\"243\" src=\"https:\/\/daalgroup.hu\/wp-content\/uploads\/2024\/06\/DAAL-CON.4-szines.webp\" class=\"attachment-full size-full wp-image-6196\" alt=\"\" srcset=\"https:\/\/daalgroup.hu\/wp-content\/uploads\/2024\/06\/DAAL-CON.4-szines.webp 486w, https:\/\/daalgroup.hu\/wp-content\/uploads\/2024\/06\/DAAL-CON.4-szines-300x150.webp 300w\" sizes=\"(max-width: 486px) 100vw, 486px\" \/>\t\t\t\t\t\t\t\t\t\t\t\t\t\t\t<\/div>\n\t\t\t\t<\/div>\n\t\t\t\t<div class=\"elementor-element elementor-element-4ae49f4 elementor-widget elementor-widget-text-editor\" data-id=\"4ae49f4\" data-element_type=\"widget\" data-e-type=\"widget\" data-widget_type=\"text-editor.default\">\n\t\t\t\t<div class=\"elementor-widget-container\">\n\t\t\t\t\t\t\t\t\t<p>F\u00fcr industrielle Produktionsbetriebe\u00a0<br \/>Mechanische-Kraft-Erzeugung<br \/>Automatisierungs- und Architekturl\u00f6sungen<br \/>Design und Konstruktion<\/p>\t\t\t\t\t\t\t\t<\/div>\n\t\t\t\t<\/div>\n\t\t\t\t\t<\/div>\n\t\t\t\t<\/div>\n\t\t\t\t<div class=\"elementor-element elementor-element-448c3e2 elementor-widget elementor-widget-text-editor\" data-id=\"448c3e2\" data-element_type=\"widget\" data-e-type=\"widget\" data-widget_type=\"text-editor.default\">\n\t\t\t\t<div class=\"elementor-widget-container\">\n\t\t\t\t\t\t\t\t\t<p>Ich bin interessiert \u00bb<\/p>\t\t\t\t\t\t\t\t<\/div>\n\t\t\t\t<\/div>\n\t\t\t\t<\/a>\n\t\t<a class=\"elementor-element elementor-element-b9cee6f e-con-full e-flex e-con e-child\" data-id=\"b9cee6f\" data-element_type=\"container\" data-e-type=\"container\" data-settings=\"{&quot;background_background&quot;:&quot;classic&quot;}\" href=\"https:\/\/exandair.com\/\">\n\t\t<div class=\"elementor-element elementor-element-3243cb9 e-flex e-con-boxed e-con e-child\" data-id=\"3243cb9\" data-element_type=\"container\" data-e-type=\"container\">\n\t\t\t\t\t<div class=\"e-con-inner\">\n\t\t\t\t<div class=\"elementor-element elementor-element-49d1d44 elementor-widget elementor-widget-image\" data-id=\"49d1d44\" data-element_type=\"widget\" data-e-type=\"widget\" data-widget_type=\"image.default\">\n\t\t\t\t<div class=\"elementor-widget-container\">\n\t\t\t\t\t\t\t\t\t\t\t\t\t\t\t<img decoding=\"async\" width=\"486\" height=\"243\" src=\"https:\/\/daalgroup.hu\/wp-content\/uploads\/2024\/06\/EXANDAIR.4.webp\" class=\"attachment-full size-full wp-image-6198\" alt=\"\" srcset=\"https:\/\/daalgroup.hu\/wp-content\/uploads\/2024\/06\/EXANDAIR.4.webp 486w, https:\/\/daalgroup.hu\/wp-content\/uploads\/2024\/06\/EXANDAIR.4-300x150.webp 300w\" sizes=\"(max-width: 486px) 100vw, 486px\" \/>\t\t\t\t\t\t\t\t\t\t\t\t\t\t\t<\/div>\n\t\t\t\t<\/div>\n\t\t\t\t<div class=\"elementor-element elementor-element-9ae85ce elementor-widget elementor-widget-text-editor\" data-id=\"9ae85ce\" data-element_type=\"widget\" data-e-type=\"widget\" data-widget_type=\"text-editor.default\">\n\t\t\t\t<div class=\"elementor-widget-container\">\n\t\t\t\t\t\t\t\t\t<p>Textil-Luftkanal<\/p><p>Entwicklung<\/p><p>Produktion<\/p><p>Wartung<\/p>\t\t\t\t\t\t\t\t<\/div>\n\t\t\t\t<\/div>\n\t\t\t\t\t<\/div>\n\t\t\t\t<\/div>\n\t\t\t\t<div class=\"elementor-element elementor-element-ea298e1 elementor-widget elementor-widget-text-editor\" data-id=\"ea298e1\" data-element_type=\"widget\" data-e-type=\"widget\" data-widget_type=\"text-editor.default\">\n\t\t\t\t<div class=\"elementor-widget-container\">\n\t\t\t\t\t\t\t\t\t<p>Ich bin interessiert \u00bb<\/p>\t\t\t\t\t\t\t\t<\/div>\n\t\t\t\t<\/div>\n\t\t\t\t<\/a>\n\t\t<div class=\"elementor-element elementor-element-b9a4d09 e-con-full e-flex e-con e-child\" data-id=\"b9a4d09\" data-element_type=\"container\" data-e-type=\"container\" data-settings=\"{&quot;background_background&quot;:&quot;classic&quot;}\">\n\t\t<div class=\"elementor-element elementor-element-04a8469 e-flex e-con-boxed e-con e-child\" data-id=\"04a8469\" data-element_type=\"container\" data-e-type=\"container\">\n\t\t\t\t\t<div class=\"e-con-inner\">\n\t\t\t\t<div class=\"elementor-element elementor-element-983ee2d elementor-widget elementor-widget-image\" data-id=\"983ee2d\" data-element_type=\"widget\" data-e-type=\"widget\" data-widget_type=\"image.default\">\n\t\t\t\t<div class=\"elementor-widget-container\">\n\t\t\t\t\t\t\t\t\t\t\t\t\t\t\t<img loading=\"lazy\" decoding=\"async\" width=\"486\" height=\"243\" src=\"https:\/\/daalgroup.hu\/wp-content\/uploads\/2024\/06\/DAAL-STEEL.3.webp\" class=\"attachment-full size-full wp-image-6099\" alt=\"\" srcset=\"https:\/\/daalgroup.hu\/wp-content\/uploads\/2024\/06\/DAAL-STEEL.3.webp 486w, https:\/\/daalgroup.hu\/wp-content\/uploads\/2024\/06\/DAAL-STEEL.3-300x150.webp 300w\" sizes=\"(max-width: 486px) 100vw, 486px\" \/>\t\t\t\t\t\t\t\t\t\t\t\t\t\t\t<\/div>\n\t\t\t\t<\/div>\n\t\t\t\t<div class=\"elementor-element elementor-element-26a0298 elementor-widget elementor-widget-text-editor\" data-id=\"26a0298\" data-element_type=\"widget\" data-e-type=\"widget\" data-widget_type=\"text-editor.default\">\n\t\t\t\t<div class=\"elementor-widget-container\">\n\t\t\t\t\t\t\t\t\t<p>Herstellung von Stahlkonstruktionen<\/p><p>Herstellung von Maschinenbausystemen<\/p><p>Blechbearbeitung<\/p><p>Technologische Herstellung von Kan\u00e4len<\/p>\t\t\t\t\t\t\t\t<\/div>\n\t\t\t\t<\/div>\n\t\t\t\t\t<\/div>\n\t\t\t\t<\/div>\n\t\t\t\t<div class=\"elementor-element elementor-element-ac8f587 elementor-widget elementor-widget-text-editor\" data-id=\"ac8f587\" data-element_type=\"widget\" data-e-type=\"widget\" data-widget_type=\"text-editor.default\">\n\t\t\t\t<div class=\"elementor-widget-container\">\n\t\t\t\t\t\t\t\t\t<p>Demn\u00e4chst \"<\/p>\t\t\t\t\t\t\t\t<\/div>\n\t\t\t\t<\/div>\n\t\t\t\t<\/div>\n\t\t<div class=\"elementor-element elementor-element-562810e e-con-full e-flex e-con e-child\" data-id=\"562810e\" data-element_type=\"container\" data-e-type=\"container\" data-settings=\"{&quot;background_background&quot;:&quot;classic&quot;}\">\n\t\t<div class=\"elementor-element elementor-element-1104687 e-con-full e-flex e-con e-child\" data-id=\"1104687\" data-element_type=\"container\" data-e-type=\"container\">\n\t\t\t\t<div class=\"elementor-element elementor-element-594fb32 elementor-widget elementor-widget-image\" data-id=\"594fb32\" data-element_type=\"widget\" data-e-type=\"widget\" data-widget_type=\"image.default\">\n\t\t\t\t<div class=\"elementor-widget-container\">\n\t\t\t\t\t\t\t\t\t\t\t\t\t\t\t<img loading=\"lazy\" decoding=\"async\" width=\"486\" height=\"243\" src=\"https:\/\/daalgroup.hu\/wp-content\/uploads\/2024\/05\/DAAL-SOL.2.png\" class=\"attachment-full size-full wp-image-5427\" alt=\"\" srcset=\"https:\/\/daalgroup.hu\/wp-content\/uploads\/2024\/05\/DAAL-SOL.2.png 486w, https:\/\/daalgroup.hu\/wp-content\/uploads\/2024\/05\/DAAL-SOL.2-300x150.png 300w\" sizes=\"(max-width: 486px) 100vw, 486px\" \/>\t\t\t\t\t\t\t\t\t\t\t\t\t\t\t<\/div>\n\t\t\t\t<\/div>\n\t\t\t\t<div class=\"elementor-element elementor-element-2d05f8b elementor-widget elementor-widget-text-editor\" data-id=\"2d05f8b\" data-element_type=\"widget\" data-e-type=\"widget\" data-widget_type=\"text-editor.default\">\n\t\t\t\t<div class=\"elementor-widget-container\">\n\t\t\t\t\t\t\t\t\t<p style=\"font-weight: 400;\">Verkauf und Vermietung:<\/p><p style=\"font-weight: 400;\">Industriehallen<\/p><p style=\"font-weight: 400;\">Lagerh\u00e4user<\/p><p style=\"font-weight: 400;\">\u00c4mter<\/p>\t\t\t\t\t\t\t\t<\/div>\n\t\t\t\t<\/div>\n\t\t\t\t<\/div>\n\t\t\t\t<div class=\"elementor-element elementor-element-76d9adc elementor-widget elementor-widget-text-editor\" data-id=\"76d9adc\" data-element_type=\"widget\" data-e-type=\"widget\" data-widget_type=\"text-editor.default\">\n\t\t\t\t<div class=\"elementor-widget-container\">\n\t\t\t\t\t\t\t\t\t<p>Demn\u00e4chst \"<\/p>\t\t\t\t\t\t\t\t<\/div>\n\t\t\t\t<\/div>\n\t\t\t\t<\/div>\n\t\t\t\t<\/div>\n\t\t\t\t<\/div>","protected":false},"excerpt":{"rendered":"<p>Komplexe mechanische, energietechnische, automatisierte und architektonische L\u00f6sungen f\u00fcr eine kostenoptimierte und zuverl\u00e4ssige Produktion Planung und Umsetzung von generischen mechanischen, energietechnischen, automatisierten und architektonischen L\u00f6sungen f\u00fcr industrielle Produktionsunternehmen Interessiert \" Entwicklung von Textilkan\u00e4len Produktion Wartung Interessiert \" Herstellung von Stahlkonstruktionen Herstellung von mechanischen Systemen Herstellung von Plattenbearbeitung Herstellung von technologischen Kan\u00e4len Bald \" Verkauf und Vermietung: Industriehallen Lagerhallen B\u00fcror\u00e4ume Bald \"<\/p>","protected":false},"author":1,"featured_media":0,"parent":0,"menu_order":0,"comment_status":"closed","ping_status":"closed","template":"elementor_canvas","meta":{"footnotes":""},"class_list":["post-715","page","type-page","status-publish","hentry"],"yoast_head":"<!-- This site is optimized with the Yoast SEO Premium plugin v27.4 (Yoast SEO v27.4) - https:\/\/yoast.com\/product\/yoast-seo-premium-wordpress\/ -->\n<title>El\u0151oldal - DAAL-CON<\/title>\n<meta name=\"description\" content=\"K\u00f6lts\u00e9goptimaliz\u00e1lt \u00e9s \u00fczembiztos termel\u00e9st kiszolg\u00e1l\u00f3 komplex g\u00e9p\u00e9szeti-, er\u0151s\u00e1ram-, automatika- \u00e9s \u00e9p\u00edt\u00e9szeti megold\u00e1sok.\" \/>\n<meta name=\"robots\" content=\"index, follow, max-snippet:-1, max-image-preview:large, max-video-preview:-1\" \/>\n<link rel=\"canonical\" href=\"https:\/\/daalgroup.hu\/de\/\" \/>\n<meta property=\"og:locale\" content=\"de_DE\" \/>\n<meta property=\"og:type\" content=\"article\" \/>\n<meta property=\"og:title\" content=\"El\u0151oldal\" \/>\n<meta property=\"og:description\" content=\"K\u00f6lts\u00e9goptimaliz\u00e1lt \u00e9s \u00fczembiztos termel\u00e9st kiszolg\u00e1l\u00f3 komplex g\u00e9p\u00e9szeti-, er\u0151s\u00e1ram-, automatika- \u00e9s \u00e9p\u00edt\u00e9szeti megold\u00e1sok.\" \/>\n<meta property=\"og:url\" content=\"https:\/\/daalgroup.hu\/de\/\" \/>\n<meta property=\"og:site_name\" content=\"DAAL-CON\" \/>\n<meta property=\"article:modified_time\" content=\"2024-10-16T12:24:10+00:00\" \/>\n<meta property=\"og:image\" content=\"https:\/\/daalgroup.hu\/wp-content\/uploads\/2024\/04\/daal_group_logo.png\" \/>\n<meta name=\"twitter:card\" content=\"summary_large_image\" \/>\n<meta name=\"twitter:label1\" content=\"Gesch\u00e4tzte Lesezeit\" \/>\n\t<meta name=\"twitter:data1\" content=\"2\u00a0Minuten\" \/>\n<script type=\"application\/ld+json\" class=\"yoast-schema-graph\">{\"@context\":\"https:\\\/\\\/schema.org\",\"@graph\":[{\"@type\":\"WebPage\",\"@id\":\"https:\\\/\\\/daalgroup.hu\\\/\",\"url\":\"https:\\\/\\\/daalgroup.hu\\\/\",\"name\":\"El\u0151oldal - DAAL-CON\",\"isPartOf\":{\"@id\":\"https:\\\/\\\/daalgroup.hu\\\/#website\"},\"primaryImageOfPage\":{\"@id\":\"https:\\\/\\\/daalgroup.hu\\\/#primaryimage\"},\"image\":{\"@id\":\"https:\\\/\\\/daalgroup.hu\\\/#primaryimage\"},\"thumbnailUrl\":\"https:\\\/\\\/daalgroup.hu\\\/wp-content\\\/uploads\\\/2024\\\/04\\\/daal_group_logo.png\",\"datePublished\":\"2024-04-08T11:49:17+00:00\",\"dateModified\":\"2024-10-16T12:24:10+00:00\",\"description\":\"K\u00f6lts\u00e9goptimaliz\u00e1lt \u00e9s \u00fczembiztos termel\u00e9st kiszolg\u00e1l\u00f3 komplex g\u00e9p\u00e9szeti-, er\u0151s\u00e1ram-, automatika- \u00e9s \u00e9p\u00edt\u00e9szeti megold\u00e1sok.\",\"breadcrumb\":{\"@id\":\"https:\\\/\\\/daalgroup.hu\\\/#breadcrumb\"},\"inLanguage\":\"de\",\"potentialAction\":[{\"@type\":\"ReadAction\",\"target\":[\"https:\\\/\\\/daalgroup.hu\\\/\"]}]},{\"@type\":\"ImageObject\",\"inLanguage\":\"de\",\"@id\":\"https:\\\/\\\/daalgroup.hu\\\/#primaryimage\",\"url\":\"https:\\\/\\\/daalgroup.hu\\\/wp-content\\\/uploads\\\/2024\\\/04\\\/daal_group_logo.png\",\"contentUrl\":\"https:\\\/\\\/daalgroup.hu\\\/wp-content\\\/uploads\\\/2024\\\/04\\\/daal_group_logo.png\"},{\"@type\":\"BreadcrumbList\",\"@id\":\"https:\\\/\\\/daalgroup.hu\\\/#breadcrumb\",\"itemListElement\":[{\"@type\":\"ListItem\",\"position\":1,\"name\":\"Kezd\u0151lap\",\"item\":\"https:\\\/\\\/daalgroup.hu\\\/\"},{\"@type\":\"ListItem\",\"position\":2,\"name\":\"El\u0151oldal\"}]},{\"@type\":\"WebSite\",\"@id\":\"https:\\\/\\\/daalgroup.hu\\\/#website\",\"url\":\"https:\\\/\\\/daalgroup.hu\\\/\",\"name\":\"DAAL-CON\",\"description\":\"\",\"publisher\":{\"@id\":\"https:\\\/\\\/daalgroup.hu\\\/#organization\"},\"potentialAction\":[{\"@type\":\"SearchAction\",\"target\":{\"@type\":\"EntryPoint\",\"urlTemplate\":\"https:\\\/\\\/daalgroup.hu\\\/?s={search_term_string}\"},\"query-input\":{\"@type\":\"PropertyValueSpecification\",\"valueRequired\":true,\"valueName\":\"search_term_string\"}}],\"inLanguage\":\"de\"},{\"@type\":\"Organization\",\"@id\":\"https:\\\/\\\/daalgroup.hu\\\/#organization\",\"name\":\"DAAL-CON\",\"url\":\"https:\\\/\\\/daalgroup.hu\\\/\",\"logo\":{\"@type\":\"ImageObject\",\"inLanguage\":\"de\",\"@id\":\"https:\\\/\\\/daalgroup.hu\\\/#\\\/schema\\\/logo\\\/image\\\/\",\"url\":\"https:\\\/\\\/daalgroup.hu\\\/wp-content\\\/uploads\\\/2024\\\/05\\\/daal_member_of_logok_daal-con-1.webp\",\"contentUrl\":\"https:\\\/\\\/daalgroup.hu\\\/wp-content\\\/uploads\\\/2024\\\/05\\\/daal_member_of_logok_daal-con-1.webp\",\"width\":486,\"height\":130,\"caption\":\"DAAL-CON\"},\"image\":{\"@id\":\"https:\\\/\\\/daalgroup.hu\\\/#\\\/schema\\\/logo\\\/image\\\/\"}}]}<\/script>\n<!-- \/ Yoast SEO Premium plugin. -->","yoast_head_json":{"title":"Vorherige Seite - DAAL-CON","description":"Komplexe Engineering-, Energie-, Automatisierungs- und Architekturl\u00f6sungen f\u00fcr eine kostenoptimierte und zuverl\u00e4ssige Produktion.","robots":{"index":"index","follow":"follow","max-snippet":"max-snippet:-1","max-image-preview":"max-image-preview:large","max-video-preview":"max-video-preview:-1"},"canonical":"https:\/\/daalgroup.hu\/de\/","og_locale":"de_DE","og_type":"article","og_title":"El\u0151oldal","og_description":"K\u00f6lts\u00e9goptimaliz\u00e1lt \u00e9s \u00fczembiztos termel\u00e9st kiszolg\u00e1l\u00f3 komplex g\u00e9p\u00e9szeti-, er\u0151s\u00e1ram-, automatika- \u00e9s \u00e9p\u00edt\u00e9szeti megold\u00e1sok.","og_url":"https:\/\/daalgroup.hu\/de\/","og_site_name":"DAAL-CON","article_modified_time":"2024-10-16T12:24:10+00:00","og_image":[{"url":"https:\/\/daalgroup.hu\/wp-content\/uploads\/2024\/04\/daal_group_logo.png","type":"","width":"","height":""}],"twitter_card":"summary_large_image","twitter_misc":{"Gesch\u00e4tzte Lesezeit":"2\u00a0Minuten"},"schema":{"@context":"https:\/\/schema.org","@graph":[{"@type":"WebPage","@id":"https:\/\/daalgroup.hu\/","url":"https:\/\/daalgroup.hu\/","name":"Vorherige Seite - DAAL-CON","isPartOf":{"@id":"https:\/\/daalgroup.hu\/#website"},"primaryImageOfPage":{"@id":"https:\/\/daalgroup.hu\/#primaryimage"},"image":{"@id":"https:\/\/daalgroup.hu\/#primaryimage"},"thumbnailUrl":"https:\/\/daalgroup.hu\/wp-content\/uploads\/2024\/04\/daal_group_logo.png","datePublished":"2024-04-08T11:49:17+00:00","dateModified":"2024-10-16T12:24:10+00:00","description":"Komplexe Engineering-, Energie-, Automatisierungs- und Architekturl\u00f6sungen f\u00fcr eine kostenoptimierte und zuverl\u00e4ssige Produktion.","breadcrumb":{"@id":"https:\/\/daalgroup.hu\/#breadcrumb"},"inLanguage":"de","potentialAction":[{"@type":"ReadAction","target":["https:\/\/daalgroup.hu\/"]}]},{"@type":"ImageObject","inLanguage":"de","@id":"https:\/\/daalgroup.hu\/#primaryimage","url":"https:\/\/daalgroup.hu\/wp-content\/uploads\/2024\/04\/daal_group_logo.png","contentUrl":"https:\/\/daalgroup.hu\/wp-content\/uploads\/2024\/04\/daal_group_logo.png"},{"@type":"BreadcrumbList","@id":"https:\/\/daalgroup.hu\/#breadcrumb","itemListElement":[{"@type":"ListItem","position":1,"name":"Kezd\u0151lap","item":"https:\/\/daalgroup.hu\/"},{"@type":"ListItem","position":2,"name":"El\u0151oldal"}]},{"@type":"WebSite","@id":"https:\/\/daalgroup.hu\/#website","url":"https:\/\/daalgroup.hu\/","name":"DAAL-CON","description":"","publisher":{"@id":"https:\/\/daalgroup.hu\/#organization"},"potentialAction":[{"@type":"SearchAction","target":{"@type":"EntryPoint","urlTemplate":"https:\/\/daalgroup.hu\/?s={search_term_string}"},"query-input":{"@type":"PropertyValueSpecification","valueRequired":true,"valueName":"search_term_string"}}],"inLanguage":"de"},{"@type":"Organization","@id":"https:\/\/daalgroup.hu\/#organization","name":"DAAL-CON","url":"https:\/\/daalgroup.hu\/","logo":{"@type":"ImageObject","inLanguage":"de","@id":"https:\/\/daalgroup.hu\/#\/schema\/logo\/image\/","url":"https:\/\/daalgroup.hu\/wp-content\/uploads\/2024\/05\/daal_member_of_logok_daal-con-1.webp","contentUrl":"https:\/\/daalgroup.hu\/wp-content\/uploads\/2024\/05\/daal_member_of_logok_daal-con-1.webp","width":486,"height":130,"caption":"DAAL-CON"},"image":{"@id":"https:\/\/daalgroup.hu\/#\/schema\/logo\/image\/"}}]}},"_links":{"self":[{"href":"https:\/\/daalgroup.hu\/de\/wp-json\/wp\/v2\/pages\/715","targetHints":{"allow":["GET"]}}],"collection":[{"href":"https:\/\/daalgroup.hu\/de\/wp-json\/wp\/v2\/pages"}],"about":[{"href":"https:\/\/daalgroup.hu\/de\/wp-json\/wp\/v2\/types\/page"}],"author":[{"embeddable":true,"href":"https:\/\/daalgroup.hu\/de\/wp-json\/wp\/v2\/users\/1"}],"replies":[{"embeddable":true,"href":"https:\/\/daalgroup.hu\/de\/wp-json\/wp\/v2\/comments?post=715"}],"version-history":[{"count":18,"href":"https:\/\/daalgroup.hu\/de\/wp-json\/wp\/v2\/pages\/715\/revisions"}],"predecessor-version":[{"id":8209,"href":"https:\/\/daalgroup.hu\/de\/wp-json\/wp\/v2\/pages\/715\/revisions\/8209"}],"wp:attachment":[{"href":"https:\/\/daalgroup.hu\/de\/wp-json\/wp\/v2\/media?parent=715"}],"curies":[{"name":"wp","href":"https:\/\/api.w.org\/{rel}","templated":true}]}}